{"id":15115,"date":"2020-09-08T04:43:26","date_gmt":"2020-09-08T04:43:26","guid":{"rendered":"https:\/\/www.test.autopakai.lt\/wordpress\/bumbleb\/?page_id=15115"},"modified":"2025-12-24T07:54:06","modified_gmt":"2025-12-24T07:54:06","slug":"kontaktai","status":"publish","type":"page","link":"https:\/\/www.test.autopakai.lt\/en_us\/kontaktai\/","title":{"rendered":"Contact Us"},"content":{"rendered":"\t\t<div data-elementor-type=\"wp-page\" data-elementor-id=\"15115\" class=\"elementor elementor-15115\">\n\t\t\t\t\t\t<section class=\"elementor-section elementor-top-section elementor-element elementor-element-530c8e7 elementor-section-boxed elementor-section-height-default elementor-section-height-default\" data-id=\"530c8e7\" data-element_type=\"section\">\n\t\t\t\t\t\t<div class=\"elementor-container elementor-column-gap-default\">\n\t\t\t\t\t<div class=\"elementor-column elementor-col-50 elementor-top-column elementor-element elementor-element-7a70f66\" data-id=\"7a70f66\" data-element_type=\"column\">\n\t\t\t<div class=\"elementor-widget-wrap elementor-element-populated\">\n\t\t\t\t\t\t<div class=\"elementor-element elementor-element-10eba8d title-block-1 elementor-widget elementor-widget-heading\" data-id=\"10eba8d\" data-element_type=\"widget\" data-widget_type=\"heading.default\">\n\t\t\t\t<div class=\"elementor-widget-container\">\n\t\t\t\t\t<h2 class=\"elementor-heading-title elementor-size-default\">informacija<\/h2>\t\t\t\t<\/div>\n\t\t\t\t<\/div>\n\t\t\t\t<section class=\"elementor-section elementor-inner-section elementor-element elementor-element-4bef550 elementor-section-boxed elementor-section-height-default elementor-section-height-default\" data-id=\"4bef550\" data-element_type=\"section\" data-settings=\"{&quot;background_background&quot;:&quot;classic&quot;}\">\n\t\t\t\t\t\t\t<div class=\"elementor-background-overlay\"><\/div>\n\t\t\t\t\t\t\t<div class=\"elementor-container elementor-column-gap-default\">\n\t\t\t\t\t<div class=\"elementor-column elementor-col-100 elementor-inner-column elementor-element elementor-element-6ce0603\" data-id=\"6ce0603\" data-element_type=\"column\" data-settings=\"{&quot;background_background&quot;:&quot;classic&quot;}\">\n\t\t\t<div class=\"elementor-widget-wrap elementor-element-populated\">\n\t\t\t\t\t\t<div class=\"elementor-element elementor-element-df171b1 elementor-widget elementor-widget-heading\" data-id=\"df171b1\" data-element_type=\"widget\" data-widget_type=\"heading.default\">\n\t\t\t\t<div class=\"elementor-widget-container\">\n\t\t\t\t\t<h2 class=\"elementor-heading-title elementor-size-default\">Adresas<\/h2>\t\t\t\t<\/div>\n\t\t\t\t<\/div>\n\t\t\t\t<div class=\"elementor-element elementor-element-0889dae elementor-widget elementor-widget-text-editor\" data-id=\"0889dae\" data-element_type=\"widget\" data-widget_type=\"text-editor.default\">\n\t\t\t\t<div class=\"elementor-widget-container\">\n\t\t\t\t\t\t\t\t\t<a href=\"https:\/\/www.google.com\/maps\/search\/?api=1&amp;query=Europos+pr.+122+Kaunas+LT-46351\">\n<span class=\"elementor-icon-list-text\">Europos pr. 122, Kaunas, Lietuva<\/span>\n<\/a>\t\t\t\t\t\t\t\t<\/div>\n\t\t\t\t<\/div>\n\t\t\t\t<div class=\"elementor-element elementor-element-423555b elementor-widget-divider--view-line elementor-widget elementor-widget-divider\" data-id=\"423555b\" data-element_type=\"widget\" data-widget_type=\"divider.default\">\n\t\t\t\t<div class=\"elementor-widget-container\">\n\t\t\t\t\t\t\t<div class=\"elementor-divider\">\n\t\t\t<span class=\"elementor-divider-separator\">\n\t\t\t\t\t\t<\/span>\n\t\t<\/div>\n\t\t\t\t\t\t<\/div>\n\t\t\t\t<\/div>\n\t\t\t\t\t<\/div>\n\t\t<\/div>\n\t\t\t\t\t<\/div>\n\t\t<\/section>\n\t\t\t\t<section class=\"elementor-section elementor-inner-section elementor-element elementor-element-3c0d926 elementor-section-boxed elementor-section-height-default elementor-section-height-default\" data-id=\"3c0d926\" data-element_type=\"section\" data-settings=\"{&quot;background_background&quot;:&quot;classic&quot;}\">\n\t\t\t\t\t\t\t<div class=\"elementor-background-overlay\"><\/div>\n\t\t\t\t\t\t\t<div class=\"elementor-container elementor-column-gap-default\">\n\t\t\t\t\t<div class=\"elementor-column elementor-col-100 elementor-inner-column elementor-element elementor-element-8620afe\" data-id=\"8620afe\" data-element_type=\"column\" data-settings=\"{&quot;background_background&quot;:&quot;classic&quot;}\">\n\t\t\t<div class=\"elementor-widget-wrap elementor-element-populated\">\n\t\t\t\t\t\t<div class=\"elementor-element elementor-element-54f35fd elementor-widget elementor-widget-heading\" data-id=\"54f35fd\" data-element_type=\"widget\" data-widget_type=\"heading.default\">\n\t\t\t\t<div class=\"elementor-widget-container\">\n\t\t\t\t\t<h2 class=\"elementor-heading-title elementor-size-default\">Telefono numeris<\/h2>\t\t\t\t<\/div>\n\t\t\t\t<\/div>\n\t\t\t\t<div class=\"elementor-element elementor-element-c5b8c42 elementor-widget elementor-widget-text-editor\" data-id=\"c5b8c42\" data-element_type=\"widget\" data-widget_type=\"text-editor.default\">\n\t\t\t\t<div class=\"elementor-widget-container\">\n\t\t\t\t\t\t\t\t\t<a class=\"phone-number\" href=\"tel:+37061654176\">+370 616 54176<\/a>\n<span class=\"working-hours\">I-V 09:30\u201317:00<\/span>\n<div class=\"messengers\">\n    <div class=\"messenger-row\">\n        <span class=\"messenger-text\">WhatsApp:<\/span>\n        <a class=\"messenger-icon whatsapp\" href=\"https:\/\/wa.me\/37061654176\" target=\"_blank\" rel=\"noopener\">\n            <img decoding=\"async\" src=\"https:\/\/upload.wikimedia.org\/wikipedia\/commons\/6\/6b\/WhatsApp.svg\" alt=\"WhatsApp\" \/>\n        <\/a>\n    <\/div>\n\n    <div class=\"messenger-row\">\n        <span class=\"messenger-text\">Viber:<\/span>\n        <a class=\"messenger-icon viber\" href=\"viber:\/\/chat?number=%2B37061654176\" target=\"_blank\" rel=\"noopener\">\n            <img decoding=\"async\" src=\"https:\/\/cdn.jsdelivr.net\/gh\/simple-icons\/simple-icons\/icons\/viber.svg\" alt=\"Viber\" \/>\n        <\/a>\n    <\/div>\n<\/div>\t\t\t\t\t\t\t\t<\/div>\n\t\t\t\t<\/div>\n\t\t\t\t<div class=\"elementor-element elementor-element-9d6bb01 elementor-widget-divider--view-line elementor-widget elementor-widget-divider\" data-id=\"9d6bb01\" data-element_type=\"widget\" data-widget_type=\"divider.default\">\n\t\t\t\t<div class=\"elementor-widget-container\">\n\t\t\t\t\t\t\t<div class=\"elementor-divider\">\n\t\t\t<span class=\"elementor-divider-separator\">\n\t\t\t\t\t\t<\/span>\n\t\t<\/div>\n\t\t\t\t\t\t<\/div>\n\t\t\t\t<\/div>\n\t\t\t\t\t<\/div>\n\t\t<\/div>\n\t\t\t\t\t<\/div>\n\t\t<\/section>\n\t\t\t\t<section class=\"elementor-section elementor-inner-section elementor-element elementor-element-a4bcd2f elementor-section-boxed elementor-section-height-default elementor-section-height-default\" data-id=\"a4bcd2f\" data-element_type=\"section\" data-settings=\"{&quot;background_background&quot;:&quot;classic&quot;}\">\n\t\t\t\t\t\t\t<div class=\"elementor-background-overlay\"><\/div>\n\t\t\t\t\t\t\t<div class=\"elementor-container elementor-column-gap-default\">\n\t\t\t\t\t<div class=\"elementor-column elementor-col-100 elementor-inner-column elementor-element elementor-element-5b08b8e\" data-id=\"5b08b8e\" data-element_type=\"column\" data-settings=\"{&quot;background_background&quot;:&quot;classic&quot;}\">\n\t\t\t<div class=\"elementor-widget-wrap elementor-element-populated\">\n\t\t\t\t\t\t<div class=\"elementor-element elementor-element-aedf74a elementor-widget elementor-widget-heading\" data-id=\"aedf74a\" data-element_type=\"widget\" data-widget_type=\"heading.default\">\n\t\t\t\t<div class=\"elementor-widget-container\">\n\t\t\t\t\t<h2 class=\"elementor-heading-title elementor-size-default\">Elektroninis pa\u0161tas<\/h2>\t\t\t\t<\/div>\n\t\t\t\t<\/div>\n\t\t\t\t<div class=\"elementor-element elementor-element-00e8a1e elementor-widget elementor-widget-text-editor\" data-id=\"00e8a1e\" data-element_type=\"widget\" data-widget_type=\"text-editor.default\">\n\t\t\t\t<div class=\"elementor-widget-container\">\n\t\t\t\t\t\t\t\t\t<a href=\"mailto:info@autopakai.lt\">\n<span class=\"elementor-icon-list-text\">info@autopakai.lt<\/span>\n<\/a>\t\t\t\t\t\t\t\t<\/div>\n\t\t\t\t<\/div>\n\t\t\t\t<div class=\"elementor-element elementor-element-fc98b4a elementor-widget-divider--view-line elementor-widget elementor-widget-divider\" data-id=\"fc98b4a\" data-element_type=\"widget\" data-widget_type=\"divider.default\">\n\t\t\t\t<div class=\"elementor-widget-container\">\n\t\t\t\t\t\t\t<div class=\"elementor-divider\">\n\t\t\t<span class=\"elementor-divider-separator\">\n\t\t\t\t\t\t<\/span>\n\t\t<\/div>\n\t\t\t\t\t\t<\/div>\n\t\t\t\t<\/div>\n\t\t\t\t\t<\/div>\n\t\t<\/div>\n\t\t\t\t\t<\/div>\n\t\t<\/section>\n\t\t\t\t<section class=\"elementor-section elementor-inner-section elementor-element elementor-element-dc8c5cf elementor-section-boxed elementor-section-height-default elementor-section-height-default\" data-id=\"dc8c5cf\" data-element_type=\"section\" data-settings=\"{&quot;background_background&quot;:&quot;classic&quot;}\">\n\t\t\t\t\t\t\t<div class=\"elementor-background-overlay\"><\/div>\n\t\t\t\t\t\t\t<div class=\"elementor-container elementor-column-gap-default\">\n\t\t\t\t\t<div class=\"elementor-column elementor-col-100 elementor-inner-column elementor-element elementor-element-c6d02bf\" data-id=\"c6d02bf\" data-element_type=\"column\" data-settings=\"{&quot;background_background&quot;:&quot;classic&quot;}\">\n\t\t\t<div class=\"elementor-widget-wrap elementor-element-populated\">\n\t\t\t\t\t\t<div class=\"elementor-element elementor-element-dda4838 elementor-widget elementor-widget-heading\" data-id=\"dda4838\" data-element_type=\"widget\" data-widget_type=\"heading.default\">\n\t\t\t\t<div class=\"elementor-widget-container\">\n\t\t\t\t\t<h2 class=\"elementor-heading-title elementor-size-default\">\u012emon\u0117s rekvizitai<\/h2>\t\t\t\t<\/div>\n\t\t\t\t<\/div>\n\t\t\t\t<div class=\"elementor-element elementor-element-03eaee3 elementor-widget elementor-widget-text-editor\" data-id=\"03eaee3\" data-element_type=\"widget\" data-widget_type=\"text-editor.default\">\n\t\t\t\t<div class=\"elementor-widget-container\">\n\t\t\t\t\t\t\t\t\t<p>\u012emon\u0117s pavadinimas &#8211; <strong>MB &#8220;Autopakai&#8221;<\/strong><\/p><p>\u012emon\u0117s kodas &#8211;\u00a0\u00a0<strong>305047804<\/strong><\/p><p>PVM mok\u0117tojo kodas &#8211;\u00a0<strong>LT100012219517<\/strong><\/p><p>Bankas &#8211;\u00a0<strong>\u201eSwedbank\u201d AB<\/strong><\/p><p>Banko s\u0105skaita &#8211;\u00a0<strong>LT547300010158009659<\/strong><\/p><p>Adresas &#8211;\u00a0<strong>Europos pr. 122, Kaunas, Lietuva<\/strong><\/p>\t\t\t\t\t\t\t\t<\/div>\n\t\t\t\t<\/div>\n\t\t\t\t<div class=\"elementor-element elementor-element-7dd0cb4 elementor-widget-divider--view-line elementor-widget elementor-widget-divider\" data-id=\"7dd0cb4\" data-element_type=\"widget\" data-widget_type=\"divider.default\">\n\t\t\t\t<div class=\"elementor-widget-container\">\n\t\t\t\t\t\t\t<div class=\"elementor-divider\">\n\t\t\t<span class=\"elementor-divider-separator\">\n\t\t\t\t\t\t<\/span>\n\t\t<\/div>\n\t\t\t\t\t\t<\/div>\n\t\t\t\t<\/div>\n\t\t\t\t\t<\/div>\n\t\t<\/div>\n\t\t\t\t\t<\/div>\n\t\t<\/section>\n\t\t\t\t<section class=\"elementor-section elementor-inner-section elementor-element elementor-element-8dbd967 elementor-section-boxed elementor-section-height-default elementor-section-height-default\" data-id=\"8dbd967\" data-element_type=\"section\" data-settings=\"{&quot;background_background&quot;:&quot;classic&quot;}\">\n\t\t\t\t\t\t\t<div class=\"elementor-background-overlay\"><\/div>\n\t\t\t\t\t\t\t<div class=\"elementor-container elementor-column-gap-default\">\n\t\t\t\t\t<div class=\"elementor-column elementor-col-100 elementor-inner-column elementor-element elementor-element-673ddaf\" data-id=\"673ddaf\" data-element_type=\"column\" data-settings=\"{&quot;background_background&quot;:&quot;classic&quot;}\">\n\t\t\t<div class=\"elementor-widget-wrap elementor-element-populated\">\n\t\t\t\t\t\t<div class=\"elementor-element elementor-element-6a4f610 elementor-widget elementor-widget-heading\" data-id=\"6a4f610\" data-element_type=\"widget\" data-widget_type=\"heading.default\">\n\t\t\t\t<div class=\"elementor-widget-container\">\n\t\t\t\t\t<h2 class=\"elementor-heading-title elementor-size-default\">Sekite mus<\/h2>\t\t\t\t<\/div>\n\t\t\t\t<\/div>\n\t\t\t\t<div class=\"elementor-element elementor-element-10d2346 social-link elementor-widget elementor-widget-shortcode\" data-id=\"10d2346\" data-element_type=\"widget\" data-widget_type=\"shortcode.default\">\n\t\t\t\t<div class=\"elementor-widget-container\">\n\t\t\t\t\t\t\t<div class=\"elementor-shortcode\"><ul class=\"social-link\"><li><a href=\"https:\/\/www.facebook.com\/autopakai.lt\"><i class=\"fa fa-facebook\"><\/i><\/a><\/li><li><a href=\"https:\/\/www.instagram.com\/autopakai.lt\/\"><i class=\"fa fa-instagram\"><\/i><\/a><\/li><\/ul><\/div>\n\t\t\t\t\t\t<\/div>\n\t\t\t\t<\/div>\n\t\t\t\t\t<\/div>\n\t\t<\/div>\n\t\t\t\t\t<\/div>\n\t\t<\/section>\n\t\t\t\t\t<\/div>\n\t\t<\/div>\n\t\t\t\t<div class=\"elementor-column elementor-col-50 elementor-top-column elementor-element elementor-element-1446a0a\" data-id=\"1446a0a\" data-element_type=\"column\">\n\t\t\t<div class=\"elementor-widget-wrap elementor-element-populated\">\n\t\t\t\t\t\t<div class=\"elementor-element elementor-element-369bc4a elementor-widget elementor-widget-bwp_google_maps\" data-id=\"369bc4a\" data-element_type=\"widget\" data-widget_type=\"bwp_google_maps.default\">\n\t\t\t\t<div class=\"elementor-widget-container\">\n\t\t\t\t\t<div class=\"elementor-custom-embed\"><iframe src=\"https:\/\/maps.google.com\/maps?q=Europos%20pr.%20122%2C%20Kaunas%2C%20Lietuva&amp;t=m&amp;z=15&amp;output=embed&amp;iwloc=near\" aria-label=\"Europos pr. 122, Kaunas, Lietuva\"><\/iframe><\/div>\t\t\t\t<\/div>\n\t\t\t\t<\/div>\n\t\t\t\t\t<\/div>\n\t\t<\/div>\n\t\t\t\t\t<\/div>\n\t\t<\/section>\n\t\t\t\t<section class=\"elementor-section elementor-top-section elementor-element elementor-element-45b9d9b elementor-section-boxed elementor-section-height-default elementor-section-height-default\" data-id=\"45b9d9b\" data-element_type=\"section\" data-settings=\"{&quot;background_background&quot;:&quot;classic&quot;}\">\n\t\t\t\t\t\t<div class=\"elementor-container elementor-column-gap-default\">\n\t\t\t\t\t<div class=\"elementor-column elementor-col-100 elementor-top-column elementor-element elementor-element-1c91133\" data-id=\"1c91133\" data-element_type=\"column\">\n\t\t\t<div class=\"elementor-widget-wrap elementor-element-populated\">\n\t\t\t\t\t\t<div class=\"elementor-element elementor-element-f166d52 title-block-1 elementor-widget elementor-widget-heading\" data-id=\"f166d52\" data-element_type=\"widget\" data-widget_type=\"heading.default\">\n\t\t\t\t<div class=\"elementor-widget-container\">\n\t\t\t\t\t<h2 class=\"elementor-heading-title elementor-size-default\">Si\u0173skite savo klausimus!<\/h2>\t\t\t\t<\/div>\n\t\t\t\t<\/div>\n\t\t\t\t<div class=\"elementor-element elementor-element-13b7d08 elementor-widget elementor-widget-text-editor\" data-id=\"13b7d08\" data-element_type=\"widget\" data-widget_type=\"text-editor.default\">\n\t\t\t\t<div class=\"elementor-widget-container\">\n\t\t\t\t\t\t\t\t\t<p>Atsakym\u0105 gausite per dvi darbo dienas<\/p>\t\t\t\t\t\t\t\t<\/div>\n\t\t\t\t<\/div>\n\t\t\t\t<div class=\"elementor-element elementor-element-c9c75e2 elementor-widget elementor-widget-shortcode\" data-id=\"c9c75e2\" data-element_type=\"widget\" data-widget_type=\"shortcode.default\">\n\t\t\t\t<div class=\"elementor-widget-container\">\n\t\t\t\t\t\t\t<div class=\"elementor-shortcode\">\n<div class=\"wpcf7 no-js\" id=\"wpcf7-f44994-o1\" lang=\"en-US\" dir=\"ltr\" data-wpcf7-id=\"44994\">\n<div class=\"screen-reader-response\"><p role=\"status\" aria-live=\"polite\" aria-atomic=\"true\"><\/p> <ul><\/ul><\/div>\n<form action=\"\/en_us\/wp-json\/wp\/v2\/pages\/15115#wpcf7-f44994-o1\" method=\"post\" class=\"wpcf7-form init\" aria-label=\"Contact form\" novalidate=\"novalidate\" data-status=\"init\">\n<fieldset class=\"hidden-fields-container\"><input type=\"hidden\" name=\"_wpcf7\" value=\"44994\" \/><input type=\"hidden\" name=\"_wpcf7_version\" value=\"6.1.2\" \/><input type=\"hidden\" name=\"_wpcf7_locale\" value=\"en_US\" \/><input type=\"hidden\" name=\"_wpcf7_unit_tag\" value=\"wpcf7-f44994-o1\" \/><input type=\"hidden\" name=\"_wpcf7_container_post\" value=\"0\" \/><input type=\"hidden\" name=\"_wpcf7_posted_data_hash\" value=\"\" \/>\n<\/fieldset>\n<div class=\"contact-us-form\">\n\t<div class=\"row\">\n\t\t<div class=\"col-sm-12 col-md-6\">\n\t\t\t<p><label>Name<\/label><br \/>\n<span class=\"wpcf7-form-control-wrap\" data-name=\"Name\"><input size=\"40\" maxlength=\"400\" class=\"wpcf7-form-control wpcf7-text wpcf7-validates-as-required\" aria-required=\"true\" aria-invalid=\"false\" placeholder=\"\" value=\"\" type=\"text\" name=\"Name\" \/><\/span>\n\t\t\t<\/p>\n\t\t<\/div>\n\t\t<div class=\"col-sm-12 col-md-6\">\n\t\t\t<p><label>Email<\/label><br \/>\n<span class=\"wpcf7-form-control-wrap\" data-name=\"Email\"><input size=\"40\" maxlength=\"400\" class=\"wpcf7-form-control wpcf7-email wpcf7-validates-as-required wpcf7-text wpcf7-validates-as-email\" aria-required=\"true\" aria-invalid=\"false\" placeholder=\"\" value=\"\" type=\"email\" name=\"Email\" \/><\/span>\n\t\t\t<\/p>\n\t\t<\/div>\n\t<\/div>\n\t<div class=\"row\">\n\t\t<div class=\"col-sm-12\">\n\t\t\t<p><label>Message<\/label><br \/>\n<span class=\"wpcf7-form-control-wrap\" data-name=\"textarea-982\"><textarea cols=\"40\" rows=\"10\" maxlength=\"2000\" class=\"wpcf7-form-control wpcf7-textarea wpcf7-validates-as-required\" aria-required=\"true\" aria-invalid=\"false\" placeholder=\"\" name=\"textarea-982\"><\/textarea><\/span>\n\t\t\t<\/p>\n\t\t<\/div>\n\t<\/div>\n\t<div class=\"content-button\">\n\t\t<div class=\"button\">\n\t\t\t<p><input class=\"wpcf7-form-control wpcf7-submit has-spinner\" type=\"submit\" value=\"Submit\" \/>\n\t\t\t<\/p>\n\t\t<\/div>\n\t<\/div>\n<\/div><div class=\"wpcf7-response-output\" aria-hidden=\"true\"><\/div>\n<\/form>\n<\/div>\n<\/div>\n\t\t\t\t\t\t<\/div>\n\t\t\t\t<\/div>\n\t\t\t\t\t<\/div>\n\t\t<\/div>\n\t\t\t\t\t<\/div>\n\t\t<\/section>\n\t\t\t\t<\/div>\n\t\t","protected":false},"excerpt":{"rendered":"<p>informacija Adresas Europos pr. 122, Kaunas, Lietuva Telefono numeris +370 616 54176 I-V 09:30\u201317:00 WhatsApp: Viber: Elektroninis pa\u0161tas info@autopakai.lt \u012emon\u0117s rekvizitai \u012emon\u0117s pavadinimas &#8211; MB &#8220;Autopakai&#8221; \u012emon\u0117s kodas &#8211;\u00a0\u00a0305047804 PVM mok\u0117tojo kodas &#8211;\u00a0LT100012219517 Bankas &#8211;\u00a0\u201eSwedbank\u201d AB Banko s\u0105skaita &#8211;\u00a0LT547300010158009659 Adresas &#8211;\u00a0Europos pr. 122, Kaunas, Lietuva Sekite mus Si\u0173skite savo klausimus! Atsakym\u0105 gausite per dvi darbo [&hellip;]<\/p>\n","protected":false},"author":1,"featured_media":0,"parent":0,"menu_order":0,"comment_status":"closed","ping_status":"closed","template":"","meta":{"_joinchat":[],"footnotes":""},"class_list":["post-15115","page","type-page","status-publish","hentry"],"_links":{"self":[{"href":"https:\/\/www.test.autopakai.lt\/en_us\/wp-json\/wp\/v2\/pages\/15115","targetHints":{"allow":["GET"]}}],"collection":[{"href":"https:\/\/www.test.autopakai.lt\/en_us\/wp-json\/wp\/v2\/pages"}],"about":[{"href":"https:\/\/www.test.autopakai.lt\/en_us\/wp-json\/wp\/v2\/types\/page"}],"author":[{"embeddable":true,"href":"https:\/\/www.test.autopakai.lt\/en_us\/wp-json\/wp\/v2\/users\/1"}],"replies":[{"embeddable":true,"href":"https:\/\/www.test.autopakai.lt\/en_us\/wp-json\/wp\/v2\/comments?post=15115"}],"version-history":[{"count":57,"href":"https:\/\/www.test.autopakai.lt\/en_us\/wp-json\/wp\/v2\/pages\/15115\/revisions"}],"predecessor-version":[{"id":72609,"href":"https:\/\/www.test.autopakai.lt\/en_us\/wp-json\/wp\/v2\/pages\/15115\/revisions\/72609"}],"wp:attachment":[{"href":"https:\/\/www.test.autopakai.lt\/en_us\/wp-json\/wp\/v2\/media?parent=15115"}],"curies":[{"name":"wp","href":"https:\/\/api.w.org\/{rel}","templated":true}]}}