{"id":59822,"date":"2025-12-01T18:36:42","date_gmt":"2025-12-01T18:36:42","guid":{"rendered":"https:\/\/www.test.autopakai.lt\/lt\/produktas\/tail-lights-dynamic-led-smoke-bmw-g22g82-coupe-g23g83-cabrio-g26-grancoupe-20\/"},"modified":"2025-12-11T14:36:10","modified_gmt":"2025-12-11T14:36:10","slug":"tail-lights-dynamic-led-smoke-bmw-g22g82-coupe-g23g83-cabrio-g26-grancoupe-20","status":"publish","type":"product","link":"https:\/\/www.test.autopakai.lt\/en_us\/product\/tail-lights-dynamic-led-smoke-bmw-g22g82-coupe-g23g83-cabrio-g26-grancoupe-20\/","title":{"rendered":"Dinaminiai galiniai \u017eibintai LED d\u016bminiai BMW G22, G82 kup\u0117 G23, G83 kabrioletas G26 GranCoupe 20-"},"content":{"rendered":"","protected":false},"excerpt":{"rendered":"","protected":false},"featured_media":0,"template":"","meta":{"_joinchat":[]},"product_brand":[297],"product_cat":[],"product_tag":[],"class_list":{"0":"post-59822","1":"product","2":"type-product","3":"status-publish","5":"product_brand-bmw","6":"pa_manufacturer-bmw","7":"pa_model-bmw-4-coupe-g22-g82","8":"pa_year_from-329","10":"first","11":"onbackorder","12":"taxable","13":"shipping-taxable","14":"purchasable","15":"product-type-simple"},"_links":{"self":[{"href":"https:\/\/www.test.autopakai.lt\/en_us\/wp-json\/wp\/v2\/product\/59822","targetHints":{"allow":["GET"]}}],"collection":[{"href":"https:\/\/www.test.autopakai.lt\/en_us\/wp-json\/wp\/v2\/product"}],"about":[{"href":"https:\/\/www.test.autopakai.lt\/en_us\/wp-json\/wp\/v2\/types\/product"}],"wp:attachment":[{"href":"https:\/\/www.test.autopakai.lt\/en_us\/wp-json\/wp\/v2\/media?parent=59822"}],"wp:term":[{"taxonomy":"product_brand","embeddable":true,"href":"https:\/\/www.test.autopakai.lt\/en_us\/wp-json\/wp\/v2\/product_brand?post=59822"},{"taxonomy":"product_cat","embeddable":true,"href":"https:\/\/www.test.autopakai.lt\/en_us\/wp-json\/wp\/v2\/product_cat?post=59822"},{"taxonomy":"product_tag","embeddable":true,"href":"https:\/\/www.test.autopakai.lt\/en_us\/wp-json\/wp\/v2\/product_tag?post=59822"}],"curies":[{"name":"wp","href":"https:\/\/api.w.org\/{rel}","templated":true}]}}