{"id":59870,"date":"2025-12-01T18:36:55","date_gmt":"2025-12-01T18:36:55","guid":{"rendered":"https:\/\/www.test.autopakai.lt\/lt\/produktas\/led-headlights-smoke-for-vw-scirocco-08-14-w-levelling-motors-dynamic-halogen\/"},"modified":"2025-12-11T14:36:15","modified_gmt":"2025-12-11T14:36:15","slug":"led-headlights-smoke-for-vw-scirocco-08-14-w-levelling-motors-dynamic-halogen","status":"publish","type":"product","link":"https:\/\/www.test.autopakai.lt\/en_us\/product\/led-headlights-smoke-for-vw-scirocco-08-14-w-levelling-motors-dynamic-halogen\/","title":{"rendered":"D\u016bminiai LED priekiniai \u017eibintai VW Scirocco 08-14 su auk\u0161\u010dio reguliavimo varikliais + dinaminiais halogeniniais \u017eibintais"},"content":{"rendered":"","protected":false},"excerpt":{"rendered":"","protected":false},"featured_media":0,"template":"","meta":{"_joinchat":[]},"product_brand":[299],"product_cat":[],"product_tag":[],"class_list":{"0":"post-59870","1":"product","2":"type-product","3":"status-publish","5":"product_brand-vw","6":"pa_manufacturer-vw","7":"pa_model-vw-scirocco-iii-137-138","8":"pa_year_from-308","9":"pa_year_to-409","11":"first","12":"onbackorder","13":"taxable","14":"shipping-taxable","15":"purchasable","16":"product-type-simple"},"_links":{"self":[{"href":"https:\/\/www.test.autopakai.lt\/en_us\/wp-json\/wp\/v2\/product\/59870","targetHints":{"allow":["GET"]}}],"collection":[{"href":"https:\/\/www.test.autopakai.lt\/en_us\/wp-json\/wp\/v2\/product"}],"about":[{"href":"https:\/\/www.test.autopakai.lt\/en_us\/wp-json\/wp\/v2\/types\/product"}],"wp:attachment":[{"href":"https:\/\/www.test.autopakai.lt\/en_us\/wp-json\/wp\/v2\/media?parent=59870"}],"wp:term":[{"taxonomy":"product_brand","embeddable":true,"href":"https:\/\/www.test.autopakai.lt\/en_us\/wp-json\/wp\/v2\/product_brand?post=59870"},{"taxonomy":"product_cat","embeddable":true,"href":"https:\/\/www.test.autopakai.lt\/en_us\/wp-json\/wp\/v2\/product_cat?post=59870"},{"taxonomy":"product_tag","embeddable":true,"href":"https:\/\/www.test.autopakai.lt\/en_us\/wp-json\/wp\/v2\/product_tag?post=59870"}],"curies":[{"name":"wp","href":"https:\/\/api.w.org\/{rel}","templated":true}]}}