{"id":59975,"date":"2025-12-01T18:37:25","date_gmt":"2025-12-01T18:37:25","guid":{"rendered":"https:\/\/www.test.autopakai.lt\/lt\/produktas\/bodykit-bumper-set-sra-led-fog-lights-for-vw-golf-7-pre-facelift-13-17\/"},"modified":"2025-12-11T14:36:26","modified_gmt":"2025-12-11T14:36:26","slug":"bodykit-bumper-set-sra-led-fog-lights-for-vw-golf-7-pre-facelift-13-17","status":"publish","type":"product","link":"https:\/\/www.test.autopakai.lt\/en_us\/product\/bodykit-bumper-set-sra-led-fog-lights-for-vw-golf-7-pre-facelift-13-17\/","title":{"rendered":"SRA LED r\u016bko \u017eibint\u0173 komplektas VW Golf 7 Pre-Facelift 13-17"},"content":{"rendered":"","protected":false},"excerpt":{"rendered":"","protected":false},"featured_media":63514,"template":"","meta":{"_joinchat":[]},"product_brand":[299],"product_cat":[],"product_tag":[],"class_list":{"0":"post-59975","1":"product","2":"type-product","3":"status-publish","4":"has-post-thumbnail","6":"product_brand-vw","7":"pa_manufacturer-vw","8":"pa_model-vw-golf-vii-5g1-bq1-be1-be2","9":"pa_year_from-314","10":"pa_year_to-447","13":"first","14":"onbackorder","15":"taxable","16":"shipping-taxable","17":"purchasable","18":"product-type-simple"},"_links":{"self":[{"href":"https:\/\/www.test.autopakai.lt\/en_us\/wp-json\/wp\/v2\/product\/59975","targetHints":{"allow":["GET"]}}],"collection":[{"href":"https:\/\/www.test.autopakai.lt\/en_us\/wp-json\/wp\/v2\/product"}],"about":[{"href":"https:\/\/www.test.autopakai.lt\/en_us\/wp-json\/wp\/v2\/types\/product"}],"wp:featuredmedia":[{"embeddable":true,"href":"https:\/\/www.test.autopakai.lt\/en_us\/wp-json\/wp\/v2\/media\/63514"}],"wp:attachment":[{"href":"https:\/\/www.test.autopakai.lt\/en_us\/wp-json\/wp\/v2\/media?parent=59975"}],"wp:term":[{"taxonomy":"product_brand","embeddable":true,"href":"https:\/\/www.test.autopakai.lt\/en_us\/wp-json\/wp\/v2\/product_brand?post=59975"},{"taxonomy":"product_cat","embeddable":true,"href":"https:\/\/www.test.autopakai.lt\/en_us\/wp-json\/wp\/v2\/product_cat?post=59975"},{"taxonomy":"product_tag","embeddable":true,"href":"https:\/\/www.test.autopakai.lt\/en_us\/wp-json\/wp\/v2\/product_tag?post=59975"}],"curies":[{"name":"wp","href":"https:\/\/api.w.org\/{rel}","templated":true}]}}