{"id":60002,"date":"2025-12-01T18:37:30","date_gmt":"2025-12-01T18:37:30","guid":{"rendered":"https:\/\/www.test.autopakai.lt\/lt\/produktas\/rear-diffuser-gloss-black-with-led-brake-light-fit-for-audi-a3-8y-20-sedan\/"},"modified":"2025-12-11T14:36:27","modified_gmt":"2025-12-11T14:36:27","slug":"rear-diffuser-gloss-black-with-led-brake-light-fit-for-audi-a3-8y-20-sedan","status":"publish","type":"product","link":"https:\/\/www.test.autopakai.lt\/en_us\/product\/rear-diffuser-gloss-black-with-led-brake-light-fit-for-audi-a3-8y-20-sedan\/","title":{"rendered":"Galinis difuzorius blizgiai juodas su LED stabd\u017ei\u0173 \u017eibintais, tinkantis AUDI A3 8Y 20- Sedanui"},"content":{"rendered":"","protected":false},"excerpt":{"rendered":"","protected":false},"featured_media":0,"template":"","meta":{"_joinchat":[]},"product_brand":[296],"product_cat":[],"product_tag":[],"class_list":{"0":"post-60002","1":"product","2":"type-product","3":"status-publish","5":"product_brand-audi","6":"pa_manufacturer-audi","7":"pa_model-audi-a3-limousine-8ys","8":"pa_year_from-329","10":"first","11":"onbackorder","12":"taxable","13":"shipping-taxable","14":"purchasable","15":"product-type-simple"},"_links":{"self":[{"href":"https:\/\/www.test.autopakai.lt\/en_us\/wp-json\/wp\/v2\/product\/60002","targetHints":{"allow":["GET"]}}],"collection":[{"href":"https:\/\/www.test.autopakai.lt\/en_us\/wp-json\/wp\/v2\/product"}],"about":[{"href":"https:\/\/www.test.autopakai.lt\/en_us\/wp-json\/wp\/v2\/types\/product"}],"wp:attachment":[{"href":"https:\/\/www.test.autopakai.lt\/en_us\/wp-json\/wp\/v2\/media?parent=60002"}],"wp:term":[{"taxonomy":"product_brand","embeddable":true,"href":"https:\/\/www.test.autopakai.lt\/en_us\/wp-json\/wp\/v2\/product_brand?post=60002"},{"taxonomy":"product_cat","embeddable":true,"href":"https:\/\/www.test.autopakai.lt\/en_us\/wp-json\/wp\/v2\/product_cat?post=60002"},{"taxonomy":"product_tag","embeddable":true,"href":"https:\/\/www.test.autopakai.lt\/en_us\/wp-json\/wp\/v2\/product_tag?post=60002"}],"curies":[{"name":"wp","href":"https:\/\/api.w.org\/{rel}","templated":true}]}}