{"id":60307,"date":"2025-12-01T18:39:06","date_gmt":"2025-12-01T18:39:06","guid":{"rendered":"https:\/\/www.test.autopakai.lt\/lt\/produktas\/bodykit-bumper-set-matt-black-suitable-for-bmw-1-f40-hatchback-2019-2024\/"},"modified":"2025-12-11T14:37:08","modified_gmt":"2025-12-11T14:37:08","slug":"bodykit-bumper-set-matt-black-suitable-for-bmw-1-f40-hatchback-2019-2024","status":"publish","type":"product","link":"https:\/\/www.test.autopakai.lt\/en_us\/product\/bodykit-bumper-set-matt-black-suitable-for-bmw-1-f40-hatchback-2019-2024\/","title":{"rendered":"Matin\u0117s juodos spalvos k\u0117bulo komplekto bamperi\u0173 komplektas, tinkantis BMW 1 (F40) he\u010dbekui 2019\u20132024 m."},"content":{"rendered":"","protected":false},"excerpt":{"rendered":"","protected":false},"featured_media":63035,"template":"","meta":{"_joinchat":[]},"product_brand":[297],"product_cat":[],"product_tag":[],"class_list":{"0":"post-60307","1":"product","2":"type-product","3":"status-publish","4":"has-post-thumbnail","6":"product_brand-bmw","7":"pa_manufacturer-bmw","8":"pa_model-bmw-1-f40","9":"pa_year_from-406","10":"pa_year_to-331","13":"first","14":"onbackorder","15":"taxable","16":"shipping-taxable","17":"purchasable","18":"product-type-simple"},"_links":{"self":[{"href":"https:\/\/www.test.autopakai.lt\/en_us\/wp-json\/wp\/v2\/product\/60307","targetHints":{"allow":["GET"]}}],"collection":[{"href":"https:\/\/www.test.autopakai.lt\/en_us\/wp-json\/wp\/v2\/product"}],"about":[{"href":"https:\/\/www.test.autopakai.lt\/en_us\/wp-json\/wp\/v2\/types\/product"}],"wp:featuredmedia":[{"embeddable":true,"href":"https:\/\/www.test.autopakai.lt\/en_us\/wp-json\/wp\/v2\/media\/63035"}],"wp:attachment":[{"href":"https:\/\/www.test.autopakai.lt\/en_us\/wp-json\/wp\/v2\/media?parent=60307"}],"wp:term":[{"taxonomy":"product_brand","embeddable":true,"href":"https:\/\/www.test.autopakai.lt\/en_us\/wp-json\/wp\/v2\/product_brand?post=60307"},{"taxonomy":"product_cat","embeddable":true,"href":"https:\/\/www.test.autopakai.lt\/en_us\/wp-json\/wp\/v2\/product_cat?post=60307"},{"taxonomy":"product_tag","embeddable":true,"href":"https:\/\/www.test.autopakai.lt\/en_us\/wp-json\/wp\/v2\/product_tag?post=60307"}],"curies":[{"name":"wp","href":"https:\/\/api.w.org\/{rel}","templated":true}]}}