{"id":60340,"date":"2025-12-01T18:39:16","date_gmt":"2025-12-01T18:39:16","guid":{"rendered":"https:\/\/www.test.autopakai.lt\/lt\/produktas\/alu-side-steps-running-boards-w-light-for-mercedes-gle-coupe-c167-2019\/"},"modified":"2025-12-11T14:37:11","modified_gmt":"2025-12-11T14:37:11","slug":"alu-side-steps-running-boards-w-light-for-mercedes-gle-coupe-c167-2019","status":"publish","type":"product","link":"https:\/\/www.test.autopakai.lt\/en_us\/product\/alu-side-steps-running-boards-w-light-for-mercedes-gle-coupe-c167-2019\/","title":{"rendered":"Aliuminio \u0161oniniai laipteliai su ap\u0161vietimu MERCEDES GLE kup\u0117 (C167) 2019-&gt;"},"content":{"rendered":"","protected":false},"excerpt":{"rendered":"","protected":false},"featured_media":71486,"template":"","meta":{"_joinchat":[]},"product_brand":[295],"product_cat":[],"product_tag":[],"class_list":{"0":"post-60340","1":"product","2":"type-product","3":"status-publish","4":"has-post-thumbnail","6":"product_brand-mercedes-benz","7":"pa_manufacturer-mercedes-benz","8":"pa_model-mercedes-benz-gle-coupe-c167","9":"pa_year_from-406","12":"first","13":"onbackorder","14":"taxable","15":"shipping-taxable","16":"purchasable","17":"product-type-simple"},"_links":{"self":[{"href":"https:\/\/www.test.autopakai.lt\/en_us\/wp-json\/wp\/v2\/product\/60340","targetHints":{"allow":["GET"]}}],"collection":[{"href":"https:\/\/www.test.autopakai.lt\/en_us\/wp-json\/wp\/v2\/product"}],"about":[{"href":"https:\/\/www.test.autopakai.lt\/en_us\/wp-json\/wp\/v2\/types\/product"}],"wp:featuredmedia":[{"embeddable":true,"href":"https:\/\/www.test.autopakai.lt\/en_us\/wp-json\/wp\/v2\/media\/71486"}],"wp:attachment":[{"href":"https:\/\/www.test.autopakai.lt\/en_us\/wp-json\/wp\/v2\/media?parent=60340"}],"wp:term":[{"taxonomy":"product_brand","embeddable":true,"href":"https:\/\/www.test.autopakai.lt\/en_us\/wp-json\/wp\/v2\/product_brand?post=60340"},{"taxonomy":"product_cat","embeddable":true,"href":"https:\/\/www.test.autopakai.lt\/en_us\/wp-json\/wp\/v2\/product_cat?post=60340"},{"taxonomy":"product_tag","embeddable":true,"href":"https:\/\/www.test.autopakai.lt\/en_us\/wp-json\/wp\/v2\/product_tag?post=60340"}],"curies":[{"name":"wp","href":"https:\/\/api.w.org\/{rel}","templated":true}]}}