{"id":60513,"date":"2025-12-01T18:40:08","date_gmt":"2025-12-01T18:40:08","guid":{"rendered":"https:\/\/www.test.autopakai.lt\/lt\/produktas\/front-grille-silver-suitable-for-audi-a4-b9-8w-sedan-avant-facelift-20-24\/"},"modified":"2025-12-11T14:37:34","modified_gmt":"2025-12-11T14:37:34","slug":"front-grille-silver-suitable-for-audi-a4-b9-8w-sedan-avant-facelift-20-24","status":"publish","type":"product","link":"https:\/\/www.test.autopakai.lt\/en_us\/product\/front-grille-silver-suitable-for-audi-a4-b9-8w-sedan-avant-facelift-20-24\/","title":{"rendered":"Priekin\u0117s grotel\u0117s, sidabrin\u0117s, tinkan\u010dios AUDI A4 B9 8W Sedan Avant Facelift 20-24"},"content":{"rendered":"","protected":false},"excerpt":{"rendered":"","protected":false},"featured_media":0,"template":"","meta":{"_joinchat":[]},"product_brand":[296],"product_cat":[],"product_tag":[],"class_list":{"0":"post-60513","1":"product","2":"type-product","3":"status-publish","5":"product_brand-audi","6":"pa_manufacturer-audi","7":"pa_model-audi-a4-b9-8w2-8wc","8":"pa_year_from-329","9":"pa_year_to-331","11":"first","12":"onbackorder","13":"taxable","14":"shipping-taxable","15":"purchasable","16":"product-type-simple"},"_links":{"self":[{"href":"https:\/\/www.test.autopakai.lt\/en_us\/wp-json\/wp\/v2\/product\/60513","targetHints":{"allow":["GET"]}}],"collection":[{"href":"https:\/\/www.test.autopakai.lt\/en_us\/wp-json\/wp\/v2\/product"}],"about":[{"href":"https:\/\/www.test.autopakai.lt\/en_us\/wp-json\/wp\/v2\/types\/product"}],"wp:attachment":[{"href":"https:\/\/www.test.autopakai.lt\/en_us\/wp-json\/wp\/v2\/media?parent=60513"}],"wp:term":[{"taxonomy":"product_brand","embeddable":true,"href":"https:\/\/www.test.autopakai.lt\/en_us\/wp-json\/wp\/v2\/product_brand?post=60513"},{"taxonomy":"product_cat","embeddable":true,"href":"https:\/\/www.test.autopakai.lt\/en_us\/wp-json\/wp\/v2\/product_cat?post=60513"},{"taxonomy":"product_tag","embeddable":true,"href":"https:\/\/www.test.autopakai.lt\/en_us\/wp-json\/wp\/v2\/product_tag?post=60513"}],"curies":[{"name":"wp","href":"https:\/\/api.w.org\/{rel}","templated":true}]}}