{"id":60517,"date":"2025-12-01T18:40:09","date_gmt":"2025-12-01T18:40:09","guid":{"rendered":"https:\/\/www.test.autopakai.lt\/lt\/produktas\/side-skirts-set-suitable-for-audi-a5-f5-sportback-16-20\/"},"modified":"2025-12-11T14:37:35","modified_gmt":"2025-12-11T14:37:35","slug":"side-skirts-set-suitable-for-audi-a5-f5-sportback-16-20","status":"publish","type":"product","link":"https:\/\/www.test.autopakai.lt\/en_us\/product\/side-skirts-set-suitable-for-audi-a5-f5-sportback-16-20\/","title":{"rendered":"\u0160onini\u0173 slenks\u010di\u0173 komplektas, tinkantis AUDI A5 F5 Sportback 16-20"},"content":{"rendered":"","protected":false},"excerpt":{"rendered":"","protected":false},"featured_media":71054,"template":"","meta":{"_joinchat":[]},"product_brand":[296],"product_cat":[],"product_tag":[],"class_list":{"0":"post-60517","1":"product","2":"type-product","3":"status-publish","4":"has-post-thumbnail","6":"product_brand-audi","7":"pa_manufacturer-audi","8":"pa_model-audi-a5-sportback-f5a-f5f","9":"pa_year_from-304","10":"pa_year_to-419","13":"first","14":"onbackorder","15":"taxable","16":"shipping-taxable","17":"purchasable","18":"product-type-simple"},"_links":{"self":[{"href":"https:\/\/www.test.autopakai.lt\/en_us\/wp-json\/wp\/v2\/product\/60517","targetHints":{"allow":["GET"]}}],"collection":[{"href":"https:\/\/www.test.autopakai.lt\/en_us\/wp-json\/wp\/v2\/product"}],"about":[{"href":"https:\/\/www.test.autopakai.lt\/en_us\/wp-json\/wp\/v2\/types\/product"}],"wp:featuredmedia":[{"embeddable":true,"href":"https:\/\/www.test.autopakai.lt\/en_us\/wp-json\/wp\/v2\/media\/71054"}],"wp:attachment":[{"href":"https:\/\/www.test.autopakai.lt\/en_us\/wp-json\/wp\/v2\/media?parent=60517"}],"wp:term":[{"taxonomy":"product_brand","embeddable":true,"href":"https:\/\/www.test.autopakai.lt\/en_us\/wp-json\/wp\/v2\/product_brand?post=60517"},{"taxonomy":"product_cat","embeddable":true,"href":"https:\/\/www.test.autopakai.lt\/en_us\/wp-json\/wp\/v2\/product_cat?post=60517"},{"taxonomy":"product_tag","embeddable":true,"href":"https:\/\/www.test.autopakai.lt\/en_us\/wp-json\/wp\/v2\/product_tag?post=60517"}],"curies":[{"name":"wp","href":"https:\/\/api.w.org\/{rel}","templated":true}]}}