{"id":60547,"date":"2025-12-01T18:40:15","date_gmt":"2025-12-01T18:40:15","guid":{"rendered":"https:\/\/www.test.autopakai.lt\/lt\/produktas\/front-grille-gloss-black-suitable-for-audi-a5-f5-coupe-cabrio-sportback-20-24\/"},"modified":"2025-12-11T14:37:32","modified_gmt":"2025-12-11T14:37:32","slug":"front-grille-gloss-black-suitable-for-audi-a5-f5-coupe-cabrio-sportback-20-24","status":"publish","type":"product","link":"https:\/\/www.test.autopakai.lt\/en_us\/product\/front-grille-gloss-black-suitable-for-audi-a5-f5-coupe-cabrio-sportback-20-24\/","title":{"rendered":"Priekin\u0117s grotel\u0117s blizgios juodos, tinkan\u010dios AUDI A5 F5 Coupe Cabrio Sportback 20-24"},"content":{"rendered":"","protected":false},"excerpt":{"rendered":"","protected":false},"featured_media":68002,"template":"","meta":{"_joinchat":[]},"product_brand":[296],"product_cat":[],"product_tag":[],"class_list":{"0":"post-60547","1":"product","2":"type-product","3":"status-publish","4":"has-post-thumbnail","6":"product_brand-audi","7":"pa_manufacturer-audi","8":"pa_model-audi-a5-f53-f5p","9":"pa_year_from-329","10":"pa_year_to-331","13":"first","14":"onbackorder","15":"taxable","16":"shipping-taxable","17":"purchasable","18":"product-type-simple"},"_links":{"self":[{"href":"https:\/\/www.test.autopakai.lt\/en_us\/wp-json\/wp\/v2\/product\/60547","targetHints":{"allow":["GET"]}}],"collection":[{"href":"https:\/\/www.test.autopakai.lt\/en_us\/wp-json\/wp\/v2\/product"}],"about":[{"href":"https:\/\/www.test.autopakai.lt\/en_us\/wp-json\/wp\/v2\/types\/product"}],"wp:featuredmedia":[{"embeddable":true,"href":"https:\/\/www.test.autopakai.lt\/en_us\/wp-json\/wp\/v2\/media\/68002"}],"wp:attachment":[{"href":"https:\/\/www.test.autopakai.lt\/en_us\/wp-json\/wp\/v2\/media?parent=60547"}],"wp:term":[{"taxonomy":"product_brand","embeddable":true,"href":"https:\/\/www.test.autopakai.lt\/en_us\/wp-json\/wp\/v2\/product_brand?post=60547"},{"taxonomy":"product_cat","embeddable":true,"href":"https:\/\/www.test.autopakai.lt\/en_us\/wp-json\/wp\/v2\/product_cat?post=60547"},{"taxonomy":"product_tag","embeddable":true,"href":"https:\/\/www.test.autopakai.lt\/en_us\/wp-json\/wp\/v2\/product_tag?post=60547"}],"curies":[{"name":"wp","href":"https:\/\/api.w.org\/{rel}","templated":true}]}}