{"id":60580,"date":"2025-12-01T18:40:22","date_gmt":"2025-12-01T18:40:22","guid":{"rendered":"https:\/\/www.test.autopakai.lt\/lt\/produktas\/mirror-cover-set-carbon-fiber-for-bmw-f2021f2223f87f3031f323336-12-18\/"},"modified":"2025-12-11T14:37:50","modified_gmt":"2025-12-11T14:37:50","slug":"mirror-cover-set-carbon-fiber-for-bmw-f2021f2223f87f3031f323336-12-18","status":"publish","type":"product","link":"https:\/\/www.test.autopakai.lt\/en_us\/product\/mirror-cover-set-carbon-fiber-for-bmw-f2021f2223f87f3031f323336-12-18\/","title":{"rendered":"Veidrod\u0117li\u0173 dangteli\u0173 komplektas su anglies pluo\u0161tu BMW F20,21,F22,23,F87,F30,31,F32,33,36 12-18"},"content":{"rendered":"","protected":false},"excerpt":{"rendered":"","protected":false},"featured_media":0,"template":"","meta":{"_joinchat":[]},"product_brand":[297],"product_cat":[],"product_tag":[],"class_list":{"0":"post-60580","1":"product","2":"type-product","3":"status-publish","5":"product_brand-bmw","6":"pa_manufacturer-bmw","7":"pa_model-bmw-1-f20","8":"pa_year_from-321","9":"pa_year_to-322","11":"first","12":"onbackorder","13":"taxable","14":"shipping-taxable","15":"purchasable","16":"product-type-simple"},"_links":{"self":[{"href":"https:\/\/www.test.autopakai.lt\/en_us\/wp-json\/wp\/v2\/product\/60580","targetHints":{"allow":["GET"]}}],"collection":[{"href":"https:\/\/www.test.autopakai.lt\/en_us\/wp-json\/wp\/v2\/product"}],"about":[{"href":"https:\/\/www.test.autopakai.lt\/en_us\/wp-json\/wp\/v2\/types\/product"}],"wp:attachment":[{"href":"https:\/\/www.test.autopakai.lt\/en_us\/wp-json\/wp\/v2\/media?parent=60580"}],"wp:term":[{"taxonomy":"product_brand","embeddable":true,"href":"https:\/\/www.test.autopakai.lt\/en_us\/wp-json\/wp\/v2\/product_brand?post=60580"},{"taxonomy":"product_cat","embeddable":true,"href":"https:\/\/www.test.autopakai.lt\/en_us\/wp-json\/wp\/v2\/product_cat?post=60580"},{"taxonomy":"product_tag","embeddable":true,"href":"https:\/\/www.test.autopakai.lt\/en_us\/wp-json\/wp\/v2\/product_tag?post=60580"}],"curies":[{"name":"wp","href":"https:\/\/api.w.org\/{rel}","templated":true}]}}