{"id":60624,"date":"2025-12-01T18:40:35","date_gmt":"2025-12-01T18:40:35","guid":{"rendered":"https:\/\/www.test.autopakai.lt\/lt\/produktas\/front-grille-gloss-black-suitable-for-audi-a7-4k-sportback-18-24\/"},"modified":"2025-12-11T14:37:25","modified_gmt":"2025-12-11T14:37:25","slug":"front-grille-gloss-black-suitable-for-audi-a7-4k-sportback-18-24","status":"publish","type":"product","link":"https:\/\/www.test.autopakai.lt\/en_us\/product\/front-grille-gloss-black-suitable-for-audi-a7-4k-sportback-18-24\/","title":{"rendered":"Priekin\u0117s grotel\u0117s blizgios juodos, tinkan\u010dios AUDI A7 4K Sportback 18-24"},"content":{"rendered":"","protected":false},"excerpt":{"rendered":"","protected":false},"featured_media":68071,"template":"","meta":{"_joinchat":[]},"product_brand":[296,361],"product_cat":[],"product_tag":[],"class_list":{"0":"post-60624","1":"product","2":"type-product","3":"status-publish","4":"has-post-thumbnail","6":"product_brand-audi","7":"product_brand-wuling-sgmw-","8":"pa_manufacturer-audi","9":"pa_manufacturer-wuling-sgmw","10":"pa_model-audi-a7-sportback-4ka","11":"pa_year_from-302","12":"pa_year_to-331","15":"first","16":"onbackorder","17":"taxable","18":"shipping-taxable","19":"purchasable","20":"product-type-simple"},"_links":{"self":[{"href":"https:\/\/www.test.autopakai.lt\/en_us\/wp-json\/wp\/v2\/product\/60624","targetHints":{"allow":["GET"]}}],"collection":[{"href":"https:\/\/www.test.autopakai.lt\/en_us\/wp-json\/wp\/v2\/product"}],"about":[{"href":"https:\/\/www.test.autopakai.lt\/en_us\/wp-json\/wp\/v2\/types\/product"}],"wp:featuredmedia":[{"embeddable":true,"href":"https:\/\/www.test.autopakai.lt\/en_us\/wp-json\/wp\/v2\/media\/68071"}],"wp:attachment":[{"href":"https:\/\/www.test.autopakai.lt\/en_us\/wp-json\/wp\/v2\/media?parent=60624"}],"wp:term":[{"taxonomy":"product_brand","embeddable":true,"href":"https:\/\/www.test.autopakai.lt\/en_us\/wp-json\/wp\/v2\/product_brand?post=60624"},{"taxonomy":"product_cat","embeddable":true,"href":"https:\/\/www.test.autopakai.lt\/en_us\/wp-json\/wp\/v2\/product_cat?post=60624"},{"taxonomy":"product_tag","embeddable":true,"href":"https:\/\/www.test.autopakai.lt\/en_us\/wp-json\/wp\/v2\/product_tag?post=60624"}],"curies":[{"name":"wp","href":"https:\/\/api.w.org\/{rel}","templated":true}]}}