{"id":60723,"date":"2025-12-01T18:41:07","date_gmt":"2025-12-01T18:41:07","guid":{"rendered":"https:\/\/www.test.autopakai.lt\/lt\/produktas\/front-bumper-with-grille-fog-lights-suitable-for-vw-golf-5-03-08\/"},"modified":"2025-12-11T14:37:52","modified_gmt":"2025-12-11T14:37:52","slug":"front-bumper-with-grille-fog-lights-suitable-for-vw-golf-5-03-08","status":"publish","type":"product","link":"https:\/\/www.test.autopakai.lt\/en_us\/product\/front-bumper-with-grille-fog-lights-suitable-for-vw-golf-5-03-08\/","title":{"rendered":"Priekinis bamperis su grotel\u0117mis + r\u016bko \u017eibintais, tinkantis VW Golf 5 03-08"},"content":{"rendered":"","protected":false},"excerpt":{"rendered":"","protected":false},"featured_media":65230,"template":"","meta":{"_joinchat":[]},"product_brand":[299],"product_cat":[],"product_tag":[],"class_list":{"0":"post-60723","1":"product","2":"type-product","3":"status-publish","4":"has-post-thumbnail","6":"product_brand-vw","7":"pa_manufacturer-vw","8":"pa_model-vw-golf-v-1k1","9":"pa_year_from-324","10":"pa_year_to-549","13":"first","14":"onbackorder","15":"taxable","16":"shipping-taxable","17":"purchasable","18":"product-type-simple"},"_links":{"self":[{"href":"https:\/\/www.test.autopakai.lt\/en_us\/wp-json\/wp\/v2\/product\/60723","targetHints":{"allow":["GET"]}}],"collection":[{"href":"https:\/\/www.test.autopakai.lt\/en_us\/wp-json\/wp\/v2\/product"}],"about":[{"href":"https:\/\/www.test.autopakai.lt\/en_us\/wp-json\/wp\/v2\/types\/product"}],"wp:featuredmedia":[{"embeddable":true,"href":"https:\/\/www.test.autopakai.lt\/en_us\/wp-json\/wp\/v2\/media\/65230"}],"wp:attachment":[{"href":"https:\/\/www.test.autopakai.lt\/en_us\/wp-json\/wp\/v2\/media?parent=60723"}],"wp:term":[{"taxonomy":"product_brand","embeddable":true,"href":"https:\/\/www.test.autopakai.lt\/en_us\/wp-json\/wp\/v2\/product_brand?post=60723"},{"taxonomy":"product_cat","embeddable":true,"href":"https:\/\/www.test.autopakai.lt\/en_us\/wp-json\/wp\/v2\/product_cat?post=60723"},{"taxonomy":"product_tag","embeddable":true,"href":"https:\/\/www.test.autopakai.lt\/en_us\/wp-json\/wp\/v2\/product_tag?post=60723"}],"curies":[{"name":"wp","href":"https:\/\/api.w.org\/{rel}","templated":true}]}}