{"id":60765,"date":"2025-12-01T18:41:17","date_gmt":"2025-12-01T18:41:17","guid":{"rendered":"https:\/\/www.test.autopakai.lt\/lt\/produktas\/front-grille-gloss-black-suitable-for-audi-a3-8y-sportback-sedan-20\/"},"modified":"2025-12-11T14:37:54","modified_gmt":"2025-12-11T14:37:54","slug":"front-grille-gloss-black-suitable-for-audi-a3-8y-sportback-sedan-20","status":"publish","type":"product","link":"https:\/\/www.test.autopakai.lt\/en_us\/product\/front-grille-gloss-black-suitable-for-audi-a3-8y-sportback-sedan-20\/","title":{"rendered":"Priekin\u0117s grotel\u0117s blizgios juodos, tinkan\u010dios AUDI A3 8Y Sportback Sedan 20-"},"content":{"rendered":"","protected":false},"excerpt":{"rendered":"","protected":false},"featured_media":67935,"template":"","meta":{"_joinchat":[]},"product_brand":[296],"product_cat":[],"product_tag":[],"class_list":{"0":"post-60765","1":"product","2":"type-product","3":"status-publish","4":"has-post-thumbnail","6":"product_brand-audi","7":"pa_manufacturer-audi","8":"pa_model-audi-a3-sportback-8ya","9":"pa_year_from-329","12":"first","13":"onbackorder","14":"taxable","15":"shipping-taxable","16":"purchasable","17":"product-type-simple"},"_links":{"self":[{"href":"https:\/\/www.test.autopakai.lt\/en_us\/wp-json\/wp\/v2\/product\/60765","targetHints":{"allow":["GET"]}}],"collection":[{"href":"https:\/\/www.test.autopakai.lt\/en_us\/wp-json\/wp\/v2\/product"}],"about":[{"href":"https:\/\/www.test.autopakai.lt\/en_us\/wp-json\/wp\/v2\/types\/product"}],"wp:featuredmedia":[{"embeddable":true,"href":"https:\/\/www.test.autopakai.lt\/en_us\/wp-json\/wp\/v2\/media\/67935"}],"wp:attachment":[{"href":"https:\/\/www.test.autopakai.lt\/en_us\/wp-json\/wp\/v2\/media?parent=60765"}],"wp:term":[{"taxonomy":"product_brand","embeddable":true,"href":"https:\/\/www.test.autopakai.lt\/en_us\/wp-json\/wp\/v2\/product_brand?post=60765"},{"taxonomy":"product_cat","embeddable":true,"href":"https:\/\/www.test.autopakai.lt\/en_us\/wp-json\/wp\/v2\/product_cat?post=60765"},{"taxonomy":"product_tag","embeddable":true,"href":"https:\/\/www.test.autopakai.lt\/en_us\/wp-json\/wp\/v2\/product_tag?post=60765"}],"curies":[{"name":"wp","href":"https:\/\/api.w.org\/{rel}","templated":true}]}}