{"id":60870,"date":"2025-12-01T18:41:47","date_gmt":"2025-12-01T18:41:47","guid":{"rendered":"https:\/\/www.test.autopakai.lt\/lt\/produktas\/suv-side-steps-set-aluminium-suitable-for-bmw-x6-f16-14-19\/"},"modified":"2025-12-11T14:37:50","modified_gmt":"2025-12-11T14:37:50","slug":"suv-side-steps-set-aluminium-suitable-for-bmw-x6-f16-14-19","status":"publish","type":"product","link":"https:\/\/www.test.autopakai.lt\/en_us\/product\/suv-side-steps-set-aluminium-suitable-for-bmw-x6-f16-14-19\/","title":{"rendered":"Visureigio \u0161onini\u0173 slenks\u010di\u0173 komplektas, aliumininis, tinkantis BMW X6 F16 14-19"},"content":{"rendered":"","protected":false},"excerpt":{"rendered":"","protected":false},"featured_media":0,"template":"","meta":{"_joinchat":[]},"product_brand":[297],"product_cat":[],"product_tag":[],"class_list":{"0":"post-60870","1":"product","2":"type-product","3":"status-publish","5":"product_brand-bmw","6":"pa_manufacturer-bmw","7":"pa_model-bmw-x6-f16-f86","8":"pa_year_from-418","9":"pa_year_to-312","11":"first","12":"onbackorder","13":"taxable","14":"shipping-taxable","15":"purchasable","16":"product-type-simple"},"_links":{"self":[{"href":"https:\/\/www.test.autopakai.lt\/en_us\/wp-json\/wp\/v2\/product\/60870","targetHints":{"allow":["GET"]}}],"collection":[{"href":"https:\/\/www.test.autopakai.lt\/en_us\/wp-json\/wp\/v2\/product"}],"about":[{"href":"https:\/\/www.test.autopakai.lt\/en_us\/wp-json\/wp\/v2\/types\/product"}],"wp:attachment":[{"href":"https:\/\/www.test.autopakai.lt\/en_us\/wp-json\/wp\/v2\/media?parent=60870"}],"wp:term":[{"taxonomy":"product_brand","embeddable":true,"href":"https:\/\/www.test.autopakai.lt\/en_us\/wp-json\/wp\/v2\/product_brand?post=60870"},{"taxonomy":"product_cat","embeddable":true,"href":"https:\/\/www.test.autopakai.lt\/en_us\/wp-json\/wp\/v2\/product_cat?post=60870"},{"taxonomy":"product_tag","embeddable":true,"href":"https:\/\/www.test.autopakai.lt\/en_us\/wp-json\/wp\/v2\/product_tag?post=60870"}],"curies":[{"name":"wp","href":"https:\/\/api.w.org\/{rel}","templated":true}]}}