{"id":60878,"date":"2025-12-01T18:41:49","date_gmt":"2025-12-01T18:41:49","guid":{"rendered":"https:\/\/www.test.autopakai.lt\/lt\/produktas\/suv-side-steps-set-aluminium-suitable-for-bmw-x3-f25-10-17\/"},"modified":"2025-12-11T14:38:06","modified_gmt":"2025-12-11T14:38:06","slug":"suv-side-steps-set-aluminium-suitable-for-bmw-x3-f25-10-17","status":"publish","type":"product","link":"https:\/\/www.test.autopakai.lt\/en_us\/product\/suv-side-steps-set-aluminium-suitable-for-bmw-x3-f25-10-17\/","title":{"rendered":"Visureigio \u0161onini\u0173 slenks\u010di\u0173 komplektas, aliumininis, tinkantis BMW X3 F25 10-17"},"content":{"rendered":"","protected":false},"excerpt":{"rendered":"","protected":false},"featured_media":71364,"template":"","meta":{"_joinchat":[]},"product_brand":[297],"product_cat":[],"product_tag":[],"class_list":{"0":"post-60878","1":"product","2":"type-product","3":"status-publish","4":"has-post-thumbnail","6":"product_brand-bmw","7":"pa_manufacturer-bmw","8":"pa_model-bmw-x3-f25","9":"pa_year_from-333","10":"pa_year_to-447","13":"first","14":"onbackorder","15":"taxable","16":"shipping-taxable","17":"purchasable","18":"product-type-simple"},"_links":{"self":[{"href":"https:\/\/www.test.autopakai.lt\/en_us\/wp-json\/wp\/v2\/product\/60878","targetHints":{"allow":["GET"]}}],"collection":[{"href":"https:\/\/www.test.autopakai.lt\/en_us\/wp-json\/wp\/v2\/product"}],"about":[{"href":"https:\/\/www.test.autopakai.lt\/en_us\/wp-json\/wp\/v2\/types\/product"}],"wp:featuredmedia":[{"embeddable":true,"href":"https:\/\/www.test.autopakai.lt\/en_us\/wp-json\/wp\/v2\/media\/71364"}],"wp:attachment":[{"href":"https:\/\/www.test.autopakai.lt\/en_us\/wp-json\/wp\/v2\/media?parent=60878"}],"wp:term":[{"taxonomy":"product_brand","embeddable":true,"href":"https:\/\/www.test.autopakai.lt\/en_us\/wp-json\/wp\/v2\/product_brand?post=60878"},{"taxonomy":"product_cat","embeddable":true,"href":"https:\/\/www.test.autopakai.lt\/en_us\/wp-json\/wp\/v2\/product_cat?post=60878"},{"taxonomy":"product_tag","embeddable":true,"href":"https:\/\/www.test.autopakai.lt\/en_us\/wp-json\/wp\/v2\/product_tag?post=60878"}],"curies":[{"name":"wp","href":"https:\/\/api.w.org\/{rel}","templated":true}]}}