{"id":60961,"date":"2025-12-01T18:42:18","date_gmt":"2025-12-01T18:42:18","guid":{"rendered":"https:\/\/www.test.autopakai.lt\/lt\/produktas\/usb-storage-compartment-center-console-tray-all-black-led-for-vw-t5-t6-03-19\/"},"modified":"2025-12-11T14:38:14","modified_gmt":"2025-12-11T14:38:14","slug":"usb-storage-compartment-center-console-tray-all-black-led-for-vw-t5-t6-03-19","status":"publish","type":"product","link":"https:\/\/www.test.autopakai.lt\/en_us\/product\/usb-storage-compartment-center-console-tray-all-black-led-for-vw-t5-t6-03-19\/","title":{"rendered":"USB atmintin\u0117s skyrius centrin\u0117je konsol\u0117je, juodas + LED, VW T5 T6 03-19"},"content":{"rendered":"","protected":false},"excerpt":{"rendered":"","protected":false},"featured_media":0,"template":"","meta":{"_joinchat":[]},"product_brand":[299],"product_cat":[],"product_tag":[],"class_list":{"0":"post-60961","1":"product","2":"type-product","3":"status-publish","5":"product_brand-vw","6":"pa_manufacturer-vw","7":"pa_model-vw-transporter-v-bus-7hb-7hj-7eb-7ej","8":"pa_year_from-324","9":"pa_year_to-312","11":"first","12":"onbackorder","13":"taxable","14":"shipping-taxable","15":"purchasable","16":"product-type-simple"},"_links":{"self":[{"href":"https:\/\/www.test.autopakai.lt\/en_us\/wp-json\/wp\/v2\/product\/60961","targetHints":{"allow":["GET"]}}],"collection":[{"href":"https:\/\/www.test.autopakai.lt\/en_us\/wp-json\/wp\/v2\/product"}],"about":[{"href":"https:\/\/www.test.autopakai.lt\/en_us\/wp-json\/wp\/v2\/types\/product"}],"wp:attachment":[{"href":"https:\/\/www.test.autopakai.lt\/en_us\/wp-json\/wp\/v2\/media?parent=60961"}],"wp:term":[{"taxonomy":"product_brand","embeddable":true,"href":"https:\/\/www.test.autopakai.lt\/en_us\/wp-json\/wp\/v2\/product_brand?post=60961"},{"taxonomy":"product_cat","embeddable":true,"href":"https:\/\/www.test.autopakai.lt\/en_us\/wp-json\/wp\/v2\/product_cat?post=60961"},{"taxonomy":"product_tag","embeddable":true,"href":"https:\/\/www.test.autopakai.lt\/en_us\/wp-json\/wp\/v2\/product_tag?post=60961"}],"curies":[{"name":"wp","href":"https:\/\/api.w.org\/{rel}","templated":true}]}}