{"id":60972,"date":"2025-12-01T18:42:20","date_gmt":"2025-12-01T18:42:20","guid":{"rendered":"https:\/\/www.test.autopakai.lt\/lt\/produktas\/usb-storage-center-console-tray-black-chrome-frame-for-mercedes-w639-03-14\/"},"modified":"2025-12-11T14:38:05","modified_gmt":"2025-12-11T14:38:05","slug":"usb-storage-center-console-tray-black-chrome-frame-for-mercedes-w639-03-14","status":"publish","type":"product","link":"https:\/\/www.test.autopakai.lt\/en_us\/product\/usb-storage-center-console-tray-black-chrome-frame-for-mercedes-w639-03-14\/","title":{"rendered":"USB atmintin\u0117s d\u0117klas centrin\u0117je konsol\u0117je, juodas + chromuotas r\u0117melis, Mercedes W639 03-14"},"content":{"rendered":"","protected":false},"excerpt":{"rendered":"","protected":false},"featured_media":0,"template":"","meta":{"_joinchat":[]},"product_brand":[295],"product_cat":[],"product_tag":[],"class_list":{"0":"post-60972","1":"product","2":"type-product","3":"status-publish","5":"product_brand-mercedes-benz","6":"pa_manufacturer-mercedes-benz","7":"pa_model-mercedes-benz-vito-bus-w639","8":"pa_year_from-324","9":"pa_year_to-409","11":"first","12":"onbackorder","13":"taxable","14":"shipping-taxable","15":"purchasable","16":"product-type-simple"},"_links":{"self":[{"href":"https:\/\/www.test.autopakai.lt\/en_us\/wp-json\/wp\/v2\/product\/60972","targetHints":{"allow":["GET"]}}],"collection":[{"href":"https:\/\/www.test.autopakai.lt\/en_us\/wp-json\/wp\/v2\/product"}],"about":[{"href":"https:\/\/www.test.autopakai.lt\/en_us\/wp-json\/wp\/v2\/types\/product"}],"wp:attachment":[{"href":"https:\/\/www.test.autopakai.lt\/en_us\/wp-json\/wp\/v2\/media?parent=60972"}],"wp:term":[{"taxonomy":"product_brand","embeddable":true,"href":"https:\/\/www.test.autopakai.lt\/en_us\/wp-json\/wp\/v2\/product_brand?post=60972"},{"taxonomy":"product_cat","embeddable":true,"href":"https:\/\/www.test.autopakai.lt\/en_us\/wp-json\/wp\/v2\/product_cat?post=60972"},{"taxonomy":"product_tag","embeddable":true,"href":"https:\/\/www.test.autopakai.lt\/en_us\/wp-json\/wp\/v2\/product_tag?post=60972"}],"curies":[{"name":"wp","href":"https:\/\/api.w.org\/{rel}","templated":true}]}}