{"id":60990,"date":"2025-12-01T18:42:25","date_gmt":"2025-12-01T18:42:25","guid":{"rendered":"https:\/\/www.test.autopakai.lt\/lt\/produktas\/exhaust-tail-pipes-suitable-for-mini-f56-hatchback-f57-convertible-2013\/"},"modified":"2025-12-11T14:38:17","modified_gmt":"2025-12-11T14:38:17","slug":"exhaust-tail-pipes-suitable-for-mini-f56-hatchback-f57-convertible-2013","status":"publish","type":"product","link":"https:\/\/www.test.autopakai.lt\/en_us\/product\/exhaust-tail-pipes-suitable-for-mini-f56-hatchback-f57-convertible-2013\/","title":{"rendered":"I\u0161metimo vamzd\u017eiai, tinkantys MINI (F56) he\u010dbekas (F57) kabrioletas 2013-&gt;"},"content":{"rendered":"","protected":false},"excerpt":{"rendered":"","protected":false},"featured_media":0,"template":"","meta":{"_joinchat":[]},"product_brand":[362],"product_cat":[],"product_tag":[],"class_list":{"0":"post-60990","1":"product","2":"type-product","3":"status-publish","5":"product_brand-mini","6":"pa_manufacturer-mini","7":"pa_model-mini-mini-f56","8":"pa_year_from-314","10":"first","11":"onbackorder","12":"taxable","13":"shipping-taxable","14":"purchasable","15":"product-type-simple"},"_links":{"self":[{"href":"https:\/\/www.test.autopakai.lt\/en_us\/wp-json\/wp\/v2\/product\/60990","targetHints":{"allow":["GET"]}}],"collection":[{"href":"https:\/\/www.test.autopakai.lt\/en_us\/wp-json\/wp\/v2\/product"}],"about":[{"href":"https:\/\/www.test.autopakai.lt\/en_us\/wp-json\/wp\/v2\/types\/product"}],"wp:attachment":[{"href":"https:\/\/www.test.autopakai.lt\/en_us\/wp-json\/wp\/v2\/media?parent=60990"}],"wp:term":[{"taxonomy":"product_brand","embeddable":true,"href":"https:\/\/www.test.autopakai.lt\/en_us\/wp-json\/wp\/v2\/product_brand?post=60990"},{"taxonomy":"product_cat","embeddable":true,"href":"https:\/\/www.test.autopakai.lt\/en_us\/wp-json\/wp\/v2\/product_cat?post=60990"},{"taxonomy":"product_tag","embeddable":true,"href":"https:\/\/www.test.autopakai.lt\/en_us\/wp-json\/wp\/v2\/product_tag?post=60990"}],"curies":[{"name":"wp","href":"https:\/\/api.w.org\/{rel}","templated":true}]}}