{"id":61049,"date":"2025-12-01T18:42:40","date_gmt":"2025-12-01T18:42:40","guid":{"rendered":"https:\/\/www.test.autopakai.lt\/lt\/produktas\/side-skirts-set-without-ambient-light-suitable-for-bmw-3-series-g20g21-19\/"},"modified":"2025-12-11T14:38:27","modified_gmt":"2025-12-11T14:38:27","slug":"side-skirts-set-without-ambient-light-suitable-for-bmw-3-series-g20g21-19","status":"publish","type":"product","link":"https:\/\/www.test.autopakai.lt\/en_us\/product\/side-skirts-set-without-ambient-light-suitable-for-bmw-3-series-g20g21-19\/","title":{"rendered":"\u0160onini\u0173 slenks\u010di\u0173 komplektas be aplinkos ap\u0161vietimo, tinkantis BMW 3 serijos G20, G21 19-"},"content":{"rendered":"","protected":false},"excerpt":{"rendered":"","protected":false},"featured_media":0,"template":"","meta":{"_joinchat":[]},"product_brand":[297],"product_cat":[],"product_tag":[],"class_list":{"0":"post-61049","1":"product","2":"type-product","3":"status-publish","5":"product_brand-bmw","6":"pa_manufacturer-bmw","7":"pa_model-bmw-3-g20-g80-g28","8":"pa_year_from-406","10":"first","11":"onbackorder","12":"taxable","13":"shipping-taxable","14":"purchasable","15":"product-type-simple"},"_links":{"self":[{"href":"https:\/\/www.test.autopakai.lt\/en_us\/wp-json\/wp\/v2\/product\/61049","targetHints":{"allow":["GET"]}}],"collection":[{"href":"https:\/\/www.test.autopakai.lt\/en_us\/wp-json\/wp\/v2\/product"}],"about":[{"href":"https:\/\/www.test.autopakai.lt\/en_us\/wp-json\/wp\/v2\/types\/product"}],"wp:attachment":[{"href":"https:\/\/www.test.autopakai.lt\/en_us\/wp-json\/wp\/v2\/media?parent=61049"}],"wp:term":[{"taxonomy":"product_brand","embeddable":true,"href":"https:\/\/www.test.autopakai.lt\/en_us\/wp-json\/wp\/v2\/product_brand?post=61049"},{"taxonomy":"product_cat","embeddable":true,"href":"https:\/\/www.test.autopakai.lt\/en_us\/wp-json\/wp\/v2\/product_cat?post=61049"},{"taxonomy":"product_tag","embeddable":true,"href":"https:\/\/www.test.autopakai.lt\/en_us\/wp-json\/wp\/v2\/product_tag?post=61049"}],"curies":[{"name":"wp","href":"https:\/\/api.w.org\/{rel}","templated":true}]}}