{"id":61157,"date":"2025-12-01T18:43:19","date_gmt":"2025-12-01T18:43:19","guid":{"rendered":"https:\/\/www.test.autopakai.lt\/lt\/produktas\/grille-gloss-black-s-class-c217-a217-pre-facelift-14-17-panamericana-gt\/"},"modified":"2025-12-11T14:38:44","modified_gmt":"2025-12-11T14:38:44","slug":"grille-gloss-black-s-class-c217-a217-pre-facelift-14-17-panamericana-gt","status":"publish","type":"product","link":"https:\/\/www.test.autopakai.lt\/en_us\/product\/grille-gloss-black-s-class-c217-a217-pre-facelift-14-17-panamericana-gt\/","title":{"rendered":"Grotel\u0117s blizgios juodos S klas\u0117s C217 A217 prie\u0161 feislift\u0105 14-17 Panamericana GT"},"content":{"rendered":"","protected":false},"excerpt":{"rendered":"","protected":false},"featured_media":0,"template":"","meta":{"_joinchat":[]},"product_brand":[295],"product_cat":[],"product_tag":[],"class_list":{"0":"post-61157","1":"product","2":"type-product","3":"status-publish","5":"product_brand-mercedes-benz","6":"pa_manufacturer-mercedes-benz","7":"pa_model-mercedes-benz-s-class-coupe-c217","8":"pa_year_from-418","9":"pa_year_to-447","11":"first","12":"onbackorder","13":"taxable","14":"shipping-taxable","15":"purchasable","16":"product-type-simple"},"_links":{"self":[{"href":"https:\/\/www.test.autopakai.lt\/en_us\/wp-json\/wp\/v2\/product\/61157","targetHints":{"allow":["GET"]}}],"collection":[{"href":"https:\/\/www.test.autopakai.lt\/en_us\/wp-json\/wp\/v2\/product"}],"about":[{"href":"https:\/\/www.test.autopakai.lt\/en_us\/wp-json\/wp\/v2\/types\/product"}],"wp:attachment":[{"href":"https:\/\/www.test.autopakai.lt\/en_us\/wp-json\/wp\/v2\/media?parent=61157"}],"wp:term":[{"taxonomy":"product_brand","embeddable":true,"href":"https:\/\/www.test.autopakai.lt\/en_us\/wp-json\/wp\/v2\/product_brand?post=61157"},{"taxonomy":"product_cat","embeddable":true,"href":"https:\/\/www.test.autopakai.lt\/en_us\/wp-json\/wp\/v2\/product_cat?post=61157"},{"taxonomy":"product_tag","embeddable":true,"href":"https:\/\/www.test.autopakai.lt\/en_us\/wp-json\/wp\/v2\/product_tag?post=61157"}],"curies":[{"name":"wp","href":"https:\/\/api.w.org\/{rel}","templated":true}]}}