{"id":61261,"date":"2025-12-01T18:43:46","date_gmt":"2025-12-01T18:43:46","guid":{"rendered":"https:\/\/www.test.autopakai.lt\/lt\/produktas\/grille-silver-matt-w-pdc-for-audi-a4-b8-8k-sedan-avant-facelift-13-16\/"},"modified":"2025-12-11T14:38:54","modified_gmt":"2025-12-11T14:38:54","slug":"grille-silver-matt-w-pdc-for-audi-a4-b8-8k-sedan-avant-facelift-13-16","status":"publish","type":"product","link":"https:\/\/www.test.autopakai.lt\/en_us\/product\/grille-silver-matt-w-pdc-for-audi-a4-b8-8k-sedan-avant-facelift-13-16\/","title":{"rendered":"Matin\u0117s sidabrin\u0117s grotel\u0117s su PDC AUDI A4 B8 (8K) Sedan Avant Facelift 13-16"},"content":{"rendered":"","protected":false},"excerpt":{"rendered":"","protected":false},"featured_media":0,"template":"","meta":{"_joinchat":[]},"product_brand":[296],"product_cat":[],"product_tag":[],"class_list":{"0":"post-61261","1":"product","2":"type-product","3":"status-publish","5":"product_brand-audi","6":"pa_manufacturer-audi","7":"pa_model-audi-a4-b8-avant-8k5","8":"pa_year_from-314","9":"pa_year_to-309","11":"first","12":"onbackorder","13":"taxable","14":"shipping-taxable","15":"purchasable","16":"product-type-simple"},"_links":{"self":[{"href":"https:\/\/www.test.autopakai.lt\/en_us\/wp-json\/wp\/v2\/product\/61261","targetHints":{"allow":["GET"]}}],"collection":[{"href":"https:\/\/www.test.autopakai.lt\/en_us\/wp-json\/wp\/v2\/product"}],"about":[{"href":"https:\/\/www.test.autopakai.lt\/en_us\/wp-json\/wp\/v2\/types\/product"}],"wp:attachment":[{"href":"https:\/\/www.test.autopakai.lt\/en_us\/wp-json\/wp\/v2\/media?parent=61261"}],"wp:term":[{"taxonomy":"product_brand","embeddable":true,"href":"https:\/\/www.test.autopakai.lt\/en_us\/wp-json\/wp\/v2\/product_brand?post=61261"},{"taxonomy":"product_cat","embeddable":true,"href":"https:\/\/www.test.autopakai.lt\/en_us\/wp-json\/wp\/v2\/product_cat?post=61261"},{"taxonomy":"product_tag","embeddable":true,"href":"https:\/\/www.test.autopakai.lt\/en_us\/wp-json\/wp\/v2\/product_tag?post=61261"}],"curies":[{"name":"wp","href":"https:\/\/api.w.org\/{rel}","templated":true}]}}