{"id":61282,"date":"2025-12-01T18:43:53","date_gmt":"2025-12-01T18:43:53","guid":{"rendered":"https:\/\/www.test.autopakai.lt\/lt\/produktas\/side-skirts-set-suitable-for-mercedes-c-class-w204-sedan-estate-07-15\/"},"modified":"2025-12-11T14:38:53","modified_gmt":"2025-12-11T14:38:53","slug":"side-skirts-set-suitable-for-mercedes-c-class-w204-sedan-estate-07-15","status":"publish","type":"product","link":"https:\/\/www.test.autopakai.lt\/en_us\/product\/side-skirts-set-suitable-for-mercedes-c-class-w204-sedan-estate-07-15\/","title":{"rendered":"\u0160onini\u0173 slenks\u010di\u0173 komplektas, tinkantis MERCEDES C klas\u0117s W204 sedanui ir universalui 07-15"},"content":{"rendered":"","protected":false},"excerpt":{"rendered":"","protected":false},"featured_media":0,"template":"","meta":{"_joinchat":[]},"product_brand":[295],"product_cat":[],"product_tag":[],"class_list":{"0":"post-61282","1":"product","2":"type-product","3":"status-publish","5":"product_brand-mercedes-benz","6":"pa_manufacturer-mercedes-benz","7":"pa_model-mercedes-benz-c-class-w204","8":"pa_year_from-445","9":"pa_year_to-412","11":"first","12":"onbackorder","13":"taxable","14":"shipping-taxable","15":"purchasable","16":"product-type-simple"},"_links":{"self":[{"href":"https:\/\/www.test.autopakai.lt\/en_us\/wp-json\/wp\/v2\/product\/61282","targetHints":{"allow":["GET"]}}],"collection":[{"href":"https:\/\/www.test.autopakai.lt\/en_us\/wp-json\/wp\/v2\/product"}],"about":[{"href":"https:\/\/www.test.autopakai.lt\/en_us\/wp-json\/wp\/v2\/types\/product"}],"wp:attachment":[{"href":"https:\/\/www.test.autopakai.lt\/en_us\/wp-json\/wp\/v2\/media?parent=61282"}],"wp:term":[{"taxonomy":"product_brand","embeddable":true,"href":"https:\/\/www.test.autopakai.lt\/en_us\/wp-json\/wp\/v2\/product_brand?post=61282"},{"taxonomy":"product_cat","embeddable":true,"href":"https:\/\/www.test.autopakai.lt\/en_us\/wp-json\/wp\/v2\/product_cat?post=61282"},{"taxonomy":"product_tag","embeddable":true,"href":"https:\/\/www.test.autopakai.lt\/en_us\/wp-json\/wp\/v2\/product_tag?post=61282"}],"curies":[{"name":"wp","href":"https:\/\/api.w.org\/{rel}","templated":true}]}}