{"id":61344,"date":"2025-12-01T18:44:10","date_gmt":"2025-12-01T18:44:10","guid":{"rendered":"https:\/\/www.test.autopakai.lt\/lt\/produktas\/performance-diffuser-twin-outlet-00-00-carbon-look-for-bmw-5-g30g31-17-23\/"},"modified":"2025-12-11T14:39:03","modified_gmt":"2025-12-11T14:39:03","slug":"performance-diffuser-twin-outlet-00-00-carbon-look-for-bmw-5-g30g31-17-23","status":"publish","type":"product","link":"https:\/\/www.test.autopakai.lt\/en_us\/product\/performance-diffuser-twin-outlet-00-00-carbon-look-for-bmw-5-g30g31-17-23\/","title":{"rendered":"Dvigubo i\u0161leidimo angos difuzorius, na\u0161us -00&#8211;00-, anglies pluo\u0161to imitacijos, BMW 5 (G30,G31) 17-23"},"content":{"rendered":"","protected":false},"excerpt":{"rendered":"","protected":false},"featured_media":66146,"template":"","meta":{"_joinchat":[]},"product_brand":[297],"product_cat":[],"product_tag":[],"class_list":{"0":"post-61344","1":"product","2":"type-product","3":"status-publish","4":"has-post-thumbnail","6":"product_brand-bmw","7":"pa_manufacturer-bmw","8":"pa_model-bmw-5-g30-f90","9":"pa_year_from-311","10":"pa_year_to-305","13":"first","14":"onbackorder","15":"taxable","16":"shipping-taxable","17":"purchasable","18":"product-type-simple"},"_links":{"self":[{"href":"https:\/\/www.test.autopakai.lt\/en_us\/wp-json\/wp\/v2\/product\/61344","targetHints":{"allow":["GET"]}}],"collection":[{"href":"https:\/\/www.test.autopakai.lt\/en_us\/wp-json\/wp\/v2\/product"}],"about":[{"href":"https:\/\/www.test.autopakai.lt\/en_us\/wp-json\/wp\/v2\/types\/product"}],"wp:featuredmedia":[{"embeddable":true,"href":"https:\/\/www.test.autopakai.lt\/en_us\/wp-json\/wp\/v2\/media\/66146"}],"wp:attachment":[{"href":"https:\/\/www.test.autopakai.lt\/en_us\/wp-json\/wp\/v2\/media?parent=61344"}],"wp:term":[{"taxonomy":"product_brand","embeddable":true,"href":"https:\/\/www.test.autopakai.lt\/en_us\/wp-json\/wp\/v2\/product_brand?post=61344"},{"taxonomy":"product_cat","embeddable":true,"href":"https:\/\/www.test.autopakai.lt\/en_us\/wp-json\/wp\/v2\/product_cat?post=61344"},{"taxonomy":"product_tag","embeddable":true,"href":"https:\/\/www.test.autopakai.lt\/en_us\/wp-json\/wp\/v2\/product_tag?post=61344"}],"curies":[{"name":"wp","href":"https:\/\/api.w.org\/{rel}","templated":true}]}}