{"id":61478,"date":"2025-12-01T18:44:46","date_gmt":"2025-12-01T18:44:46","guid":{"rendered":"https:\/\/www.test.autopakai.lt\/lt\/produktas\/front-grille-black-suitable-for-mercedes-e-class-w212-sedan-t-modell-09-13\/"},"modified":"2025-12-11T14:39:10","modified_gmt":"2025-12-11T14:39:10","slug":"front-grille-black-suitable-for-mercedes-e-class-w212-sedan-t-modell-09-13","status":"publish","type":"product","link":"https:\/\/www.test.autopakai.lt\/en_us\/product\/front-grille-black-suitable-for-mercedes-e-class-w212-sedan-t-modell-09-13\/","title":{"rendered":"Priekin\u0117s grotel\u0117s juodos, tinkan\u010dios MERCEDES E klas\u0117s W212 sedanui T-Modell 09-13"},"content":{"rendered":"","protected":false},"excerpt":{"rendered":"","protected":false},"featured_media":69747,"template":"","meta":{"_joinchat":[]},"product_brand":[295],"product_cat":[],"product_tag":[],"class_list":{"0":"post-61478","1":"product","2":"type-product","3":"status-publish","4":"has-post-thumbnail","6":"product_brand-mercedes-benz","7":"pa_manufacturer-mercedes-benz","8":"pa_model-mercedes-benz-e-class-w212","9":"pa_year_from-462","10":"pa_year_to-494","13":"first","14":"onbackorder","15":"taxable","16":"shipping-taxable","17":"purchasable","18":"product-type-simple"},"_links":{"self":[{"href":"https:\/\/www.test.autopakai.lt\/en_us\/wp-json\/wp\/v2\/product\/61478","targetHints":{"allow":["GET"]}}],"collection":[{"href":"https:\/\/www.test.autopakai.lt\/en_us\/wp-json\/wp\/v2\/product"}],"about":[{"href":"https:\/\/www.test.autopakai.lt\/en_us\/wp-json\/wp\/v2\/types\/product"}],"wp:featuredmedia":[{"embeddable":true,"href":"https:\/\/www.test.autopakai.lt\/en_us\/wp-json\/wp\/v2\/media\/69747"}],"wp:attachment":[{"href":"https:\/\/www.test.autopakai.lt\/en_us\/wp-json\/wp\/v2\/media?parent=61478"}],"wp:term":[{"taxonomy":"product_brand","embeddable":true,"href":"https:\/\/www.test.autopakai.lt\/en_us\/wp-json\/wp\/v2\/product_brand?post=61478"},{"taxonomy":"product_cat","embeddable":true,"href":"https:\/\/www.test.autopakai.lt\/en_us\/wp-json\/wp\/v2\/product_cat?post=61478"},{"taxonomy":"product_tag","embeddable":true,"href":"https:\/\/www.test.autopakai.lt\/en_us\/wp-json\/wp\/v2\/product_tag?post=61478"}],"curies":[{"name":"wp","href":"https:\/\/api.w.org\/{rel}","templated":true}]}}