{"id":61582,"date":"2025-12-01T18:45:22","date_gmt":"2025-12-01T18:45:22","guid":{"rendered":"https:\/\/www.test.autopakai.lt\/lt\/produktas\/bumper-grille-fog-lamp-case-for-golf-713-17-gloss-black-7-5style\/"},"modified":"2025-12-11T14:39:29","modified_gmt":"2025-12-11T14:39:29","slug":"bumper-grille-fog-lamp-case-for-golf-713-17-gloss-black-7-5style","status":"publish","type":"product","link":"https:\/\/www.test.autopakai.lt\/en_us\/product\/bumper-grille-fog-lamp-case-for-golf-713-17-gloss-black-7-5style\/","title":{"rendered":"Buferio grotel\u0117s ir r\u016bko \u017eibint\u0173 korpusas Golf 713-17 blizgios juodos spalvos 7.5Style"},"content":{"rendered":"","protected":false},"excerpt":{"rendered":"","protected":false},"featured_media":63762,"template":"","meta":{"_joinchat":[]},"product_brand":[299],"product_cat":[],"product_tag":[],"class_list":{"0":"post-61582","1":"product","2":"type-product","3":"status-publish","4":"has-post-thumbnail","6":"product_brand-vw","7":"pa_manufacturer-vw","8":"pa_model-vw-golf-vii-5g1-bq1-be1-be2","9":"pa_year_from-314","10":"pa_year_to-447","13":"first","14":"onbackorder","15":"taxable","16":"shipping-taxable","17":"purchasable","18":"product-type-simple"},"_links":{"self":[{"href":"https:\/\/www.test.autopakai.lt\/en_us\/wp-json\/wp\/v2\/product\/61582","targetHints":{"allow":["GET"]}}],"collection":[{"href":"https:\/\/www.test.autopakai.lt\/en_us\/wp-json\/wp\/v2\/product"}],"about":[{"href":"https:\/\/www.test.autopakai.lt\/en_us\/wp-json\/wp\/v2\/types\/product"}],"wp:featuredmedia":[{"embeddable":true,"href":"https:\/\/www.test.autopakai.lt\/en_us\/wp-json\/wp\/v2\/media\/63762"}],"wp:attachment":[{"href":"https:\/\/www.test.autopakai.lt\/en_us\/wp-json\/wp\/v2\/media?parent=61582"}],"wp:term":[{"taxonomy":"product_brand","embeddable":true,"href":"https:\/\/www.test.autopakai.lt\/en_us\/wp-json\/wp\/v2\/product_brand?post=61582"},{"taxonomy":"product_cat","embeddable":true,"href":"https:\/\/www.test.autopakai.lt\/en_us\/wp-json\/wp\/v2\/product_cat?post=61582"},{"taxonomy":"product_tag","embeddable":true,"href":"https:\/\/www.test.autopakai.lt\/en_us\/wp-json\/wp\/v2\/product_tag?post=61582"}],"curies":[{"name":"wp","href":"https:\/\/api.w.org\/{rel}","templated":true}]}}