{"id":61593,"date":"2025-12-01T18:45:25","date_gmt":"2025-12-01T18:45:25","guid":{"rendered":"https:\/\/www.test.autopakai.lt\/lt\/produktas\/front-bumper-brake-air-ducts-gloss-black-fit-for-mercedes-a-class-w176-15-18\/"},"modified":"2025-12-11T14:39:26","modified_gmt":"2025-12-11T14:39:26","slug":"front-bumper-brake-air-ducts-gloss-black-fit-for-mercedes-a-class-w176-15-18","status":"publish","type":"product","link":"https:\/\/www.test.autopakai.lt\/en_us\/product\/front-bumper-brake-air-ducts-gloss-black-fit-for-mercedes-a-class-w176-15-18\/","title":{"rendered":"Priekinio bamperio stabd\u017ei\u0173 oro kanalai, blizg\u016bs juodi, tinkantys MERCEDES A-klas\u0117s W176 15-18 modeliams."},"content":{"rendered":"","protected":false},"excerpt":{"rendered":"","protected":false},"featured_media":0,"template":"","meta":{"_joinchat":[]},"product_brand":[295],"product_cat":[],"product_tag":[],"class_list":{"0":"post-61593","1":"product","2":"type-product","3":"status-publish","5":"product_brand-mercedes-benz","6":"pa_manufacturer-mercedes-benz","7":"pa_model-mercedes-benz-a-class-w176","8":"pa_year_from-304","9":"pa_year_to-312","11":"first","12":"onbackorder","13":"taxable","14":"shipping-taxable","15":"purchasable","16":"product-type-simple"},"_links":{"self":[{"href":"https:\/\/www.test.autopakai.lt\/en_us\/wp-json\/wp\/v2\/product\/61593","targetHints":{"allow":["GET"]}}],"collection":[{"href":"https:\/\/www.test.autopakai.lt\/en_us\/wp-json\/wp\/v2\/product"}],"about":[{"href":"https:\/\/www.test.autopakai.lt\/en_us\/wp-json\/wp\/v2\/types\/product"}],"wp:attachment":[{"href":"https:\/\/www.test.autopakai.lt\/en_us\/wp-json\/wp\/v2\/media?parent=61593"}],"wp:term":[{"taxonomy":"product_brand","embeddable":true,"href":"https:\/\/www.test.autopakai.lt\/en_us\/wp-json\/wp\/v2\/product_brand?post=61593"},{"taxonomy":"product_cat","embeddable":true,"href":"https:\/\/www.test.autopakai.lt\/en_us\/wp-json\/wp\/v2\/product_cat?post=61593"},{"taxonomy":"product_tag","embeddable":true,"href":"https:\/\/www.test.autopakai.lt\/en_us\/wp-json\/wp\/v2\/product_tag?post=61593"}],"curies":[{"name":"wp","href":"https:\/\/api.w.org\/{rel}","templated":true}]}}