{"id":61611,"date":"2025-12-01T18:45:30","date_gmt":"2025-12-01T18:45:30","guid":{"rendered":"https:\/\/www.test.autopakai.lt\/lt\/produktas\/front-grille-chrome-black-fit-for-mercedes-e-class-w210-sedan-t-modell-99-02\/"},"modified":"2025-12-11T14:39:39","modified_gmt":"2025-12-11T14:39:39","slug":"front-grille-chrome-black-fit-for-mercedes-e-class-w210-sedan-t-modell-99-02","status":"publish","type":"product","link":"https:\/\/www.test.autopakai.lt\/en_us\/product\/front-grille-chrome-black-fit-for-mercedes-e-class-w210-sedan-t-modell-99-02\/","title":{"rendered":"Priekin\u0117s grotel\u0117s chromuotos ir juodos, tinkan\u010dios MERCEDES E klas\u0117s W210 sedanui T-Modell 99-02"},"content":{"rendered":"","protected":false},"excerpt":{"rendered":"","protected":false},"featured_media":0,"template":"","meta":{"_joinchat":[]},"product_brand":[295],"product_cat":[],"product_tag":[],"class_list":{"0":"post-61611","1":"product","2":"type-product","3":"status-publish","5":"product_brand-mercedes-benz","6":"pa_manufacturer-mercedes-benz","7":"pa_model-mercedes-benz-e-class-t-model-s210","8":"pa_year_from-557","9":"pa_year_to-702","11":"first","12":"onbackorder","13":"taxable","14":"shipping-taxable","15":"purchasable","16":"product-type-simple"},"_links":{"self":[{"href":"https:\/\/www.test.autopakai.lt\/en_us\/wp-json\/wp\/v2\/product\/61611","targetHints":{"allow":["GET"]}}],"collection":[{"href":"https:\/\/www.test.autopakai.lt\/en_us\/wp-json\/wp\/v2\/product"}],"about":[{"href":"https:\/\/www.test.autopakai.lt\/en_us\/wp-json\/wp\/v2\/types\/product"}],"wp:attachment":[{"href":"https:\/\/www.test.autopakai.lt\/en_us\/wp-json\/wp\/v2\/media?parent=61611"}],"wp:term":[{"taxonomy":"product_brand","embeddable":true,"href":"https:\/\/www.test.autopakai.lt\/en_us\/wp-json\/wp\/v2\/product_brand?post=61611"},{"taxonomy":"product_cat","embeddable":true,"href":"https:\/\/www.test.autopakai.lt\/en_us\/wp-json\/wp\/v2\/product_cat?post=61611"},{"taxonomy":"product_tag","embeddable":true,"href":"https:\/\/www.test.autopakai.lt\/en_us\/wp-json\/wp\/v2\/product_tag?post=61611"}],"curies":[{"name":"wp","href":"https:\/\/api.w.org\/{rel}","templated":true}]}}