{"id":61626,"date":"2025-12-01T18:45:35","date_gmt":"2025-12-01T18:45:35","guid":{"rendered":"https:\/\/www.test.autopakai.lt\/lt\/produktas\/side-skirts-set-suitable-for-bmw-4-f32-f33-coupe-cabrio-13-20\/"},"modified":"2025-12-11T14:39:35","modified_gmt":"2025-12-11T14:39:35","slug":"side-skirts-set-suitable-for-bmw-4-f32-f33-coupe-cabrio-13-20","status":"publish","type":"product","link":"https:\/\/www.test.autopakai.lt\/en_us\/product\/side-skirts-set-suitable-for-bmw-4-f32-f33-coupe-cabrio-13-20\/","title":{"rendered":"\u0160onini\u0173 slenks\u010di\u0173 komplektas, tinkantis BMW 4 F32, F33 Coupe Cabrio 13-20"},"content":{"rendered":"","protected":false},"excerpt":{"rendered":"","protected":false},"featured_media":71223,"template":"","meta":{"_joinchat":[]},"product_brand":[297,396],"product_cat":[],"product_tag":[],"class_list":{"0":"post-61626","1":"product","2":"type-product","3":"status-publish","4":"has-post-thumbnail","6":"product_brand-bmw","7":"product_brand-peugeot","8":"pa_manufacturer-bmw","9":"pa_manufacturer-peugeot","10":"pa_model-bmw-4-convertible-f33-f83","11":"pa_year_from-314","12":"pa_year_to-419","15":"first","16":"onbackorder","17":"taxable","18":"shipping-taxable","19":"purchasable","20":"product-type-simple"},"_links":{"self":[{"href":"https:\/\/www.test.autopakai.lt\/en_us\/wp-json\/wp\/v2\/product\/61626","targetHints":{"allow":["GET"]}}],"collection":[{"href":"https:\/\/www.test.autopakai.lt\/en_us\/wp-json\/wp\/v2\/product"}],"about":[{"href":"https:\/\/www.test.autopakai.lt\/en_us\/wp-json\/wp\/v2\/types\/product"}],"wp:featuredmedia":[{"embeddable":true,"href":"https:\/\/www.test.autopakai.lt\/en_us\/wp-json\/wp\/v2\/media\/71223"}],"wp:attachment":[{"href":"https:\/\/www.test.autopakai.lt\/en_us\/wp-json\/wp\/v2\/media?parent=61626"}],"wp:term":[{"taxonomy":"product_brand","embeddable":true,"href":"https:\/\/www.test.autopakai.lt\/en_us\/wp-json\/wp\/v2\/product_brand?post=61626"},{"taxonomy":"product_cat","embeddable":true,"href":"https:\/\/www.test.autopakai.lt\/en_us\/wp-json\/wp\/v2\/product_cat?post=61626"},{"taxonomy":"product_tag","embeddable":true,"href":"https:\/\/www.test.autopakai.lt\/en_us\/wp-json\/wp\/v2\/product_tag?post=61626"}],"curies":[{"name":"wp","href":"https:\/\/api.w.org\/{rel}","templated":true}]}}