{"id":61716,"date":"2025-12-01T18:46:04","date_gmt":"2025-12-01T18:46:04","guid":{"rendered":"https:\/\/www.test.autopakai.lt\/lt\/produktas\/side-skirts-set-gloss-black-suitable-for-bmw-1-f20-f21-hatchback-11-19\/"},"modified":"2025-12-11T14:39:48","modified_gmt":"2025-12-11T14:39:48","slug":"side-skirts-set-gloss-black-suitable-for-bmw-1-f20-f21-hatchback-11-19","status":"publish","type":"product","link":"https:\/\/www.test.autopakai.lt\/en_us\/product\/side-skirts-set-gloss-black-suitable-for-bmw-1-f20-f21-hatchback-11-19\/","title":{"rendered":"\u0160onini\u0173 slenks\u010di\u0173 komplektas, blizgios juodos spalvos, tinkantis BMW 1 F20, F21 he\u010dbekui 11-19"},"content":{"rendered":"","protected":false},"excerpt":{"rendered":"","protected":false},"featured_media":71016,"template":"","meta":{"_joinchat":[]},"product_brand":[297],"product_cat":[],"product_tag":[],"class_list":{"0":"post-61716","1":"product","2":"type-product","3":"status-publish","4":"has-post-thumbnail","6":"product_brand-bmw","7":"pa_manufacturer-bmw","8":"pa_model-bmw-1-f20","9":"pa_year_from-411","10":"pa_year_to-312","13":"first","14":"onbackorder","15":"taxable","16":"shipping-taxable","17":"purchasable","18":"product-type-simple"},"_links":{"self":[{"href":"https:\/\/www.test.autopakai.lt\/en_us\/wp-json\/wp\/v2\/product\/61716","targetHints":{"allow":["GET"]}}],"collection":[{"href":"https:\/\/www.test.autopakai.lt\/en_us\/wp-json\/wp\/v2\/product"}],"about":[{"href":"https:\/\/www.test.autopakai.lt\/en_us\/wp-json\/wp\/v2\/types\/product"}],"wp:featuredmedia":[{"embeddable":true,"href":"https:\/\/www.test.autopakai.lt\/en_us\/wp-json\/wp\/v2\/media\/71016"}],"wp:attachment":[{"href":"https:\/\/www.test.autopakai.lt\/en_us\/wp-json\/wp\/v2\/media?parent=61716"}],"wp:term":[{"taxonomy":"product_brand","embeddable":true,"href":"https:\/\/www.test.autopakai.lt\/en_us\/wp-json\/wp\/v2\/product_brand?post=61716"},{"taxonomy":"product_cat","embeddable":true,"href":"https:\/\/www.test.autopakai.lt\/en_us\/wp-json\/wp\/v2\/product_cat?post=61716"},{"taxonomy":"product_tag","embeddable":true,"href":"https:\/\/www.test.autopakai.lt\/en_us\/wp-json\/wp\/v2\/product_tag?post=61716"}],"curies":[{"name":"wp","href":"https:\/\/api.w.org\/{rel}","templated":true}]}}