{"id":61884,"date":"2025-12-01T18:46:58","date_gmt":"2025-12-01T18:46:58","guid":{"rendered":"https:\/\/www.test.autopakai.lt\/lt\/produktas\/rear-trunk-spoiler-carbon-look-suitable-for-bmw-3-g20-sedan-2018\/"},"modified":"2025-12-11T14:40:12","modified_gmt":"2025-12-11T14:40:12","slug":"rear-trunk-spoiler-carbon-look-suitable-for-bmw-3-g20-sedan-2018","status":"publish","type":"product","link":"https:\/\/www.test.autopakai.lt\/en_us\/product\/rear-trunk-spoiler-carbon-look-suitable-for-bmw-3-g20-sedan-2018\/","title":{"rendered":"Galinis baga\u017ein\u0117s spoileris su anglies pluo\u0161to imitacija, tinkantis BMW 3 (G20) sedanui nuo 2018 m."},"content":{"rendered":"","protected":false},"excerpt":{"rendered":"","protected":false},"featured_media":0,"template":"","meta":{"_joinchat":[]},"product_brand":[297],"product_cat":[],"product_tag":[],"class_list":{"0":"post-61884","1":"product","2":"type-product","3":"status-publish","5":"product_brand-bmw","6":"pa_manufacturer-bmw","7":"pa_model-bmw-3-g20-g80-g28","8":"pa_year_from-302","10":"first","11":"onbackorder","12":"taxable","13":"shipping-taxable","14":"purchasable","15":"product-type-simple"},"_links":{"self":[{"href":"https:\/\/www.test.autopakai.lt\/en_us\/wp-json\/wp\/v2\/product\/61884","targetHints":{"allow":["GET"]}}],"collection":[{"href":"https:\/\/www.test.autopakai.lt\/en_us\/wp-json\/wp\/v2\/product"}],"about":[{"href":"https:\/\/www.test.autopakai.lt\/en_us\/wp-json\/wp\/v2\/types\/product"}],"wp:attachment":[{"href":"https:\/\/www.test.autopakai.lt\/en_us\/wp-json\/wp\/v2\/media?parent=61884"}],"wp:term":[{"taxonomy":"product_brand","embeddable":true,"href":"https:\/\/www.test.autopakai.lt\/en_us\/wp-json\/wp\/v2\/product_brand?post=61884"},{"taxonomy":"product_cat","embeddable":true,"href":"https:\/\/www.test.autopakai.lt\/en_us\/wp-json\/wp\/v2\/product_cat?post=61884"},{"taxonomy":"product_tag","embeddable":true,"href":"https:\/\/www.test.autopakai.lt\/en_us\/wp-json\/wp\/v2\/product_tag?post=61884"}],"curies":[{"name":"wp","href":"https:\/\/api.w.org\/{rel}","templated":true}]}}