{"id":62045,"date":"2025-12-01T18:47:51","date_gmt":"2025-12-01T18:47:51","guid":{"rendered":"https:\/\/www.test.autopakai.lt\/lt\/produktas\/trunk-spoiler-gloss-black-suitable-for-mercedes-e-class-w211-sedan-02-09\/"},"modified":"2025-12-11T14:40:26","modified_gmt":"2025-12-11T14:40:26","slug":"trunk-spoiler-gloss-black-suitable-for-mercedes-e-class-w211-sedan-02-09","status":"publish","type":"product","link":"https:\/\/www.test.autopakai.lt\/en_us\/product\/trunk-spoiler-gloss-black-suitable-for-mercedes-e-class-w211-sedan-02-09\/","title":{"rendered":"Baga\u017ein\u0117s spoileris, blizgus juodas, tinkantis MERCEDES E klas\u0117s W211 sedanui 02-09"},"content":{"rendered":"","protected":false},"excerpt":{"rendered":"","protected":false},"featured_media":0,"template":"","meta":{"_joinchat":[]},"product_brand":[295],"product_cat":[],"product_tag":[],"class_list":{"0":"post-62045","1":"product","2":"type-product","3":"status-publish","5":"product_brand-mercedes-benz","6":"pa_manufacturer-mercedes-benz","7":"pa_model-mercedes-benz-e-class-w211","8":"pa_year_from-457","9":"pa_year_to-414","11":"first","12":"onbackorder","13":"taxable","14":"shipping-taxable","15":"purchasable","16":"product-type-simple"},"_links":{"self":[{"href":"https:\/\/www.test.autopakai.lt\/en_us\/wp-json\/wp\/v2\/product\/62045","targetHints":{"allow":["GET"]}}],"collection":[{"href":"https:\/\/www.test.autopakai.lt\/en_us\/wp-json\/wp\/v2\/product"}],"about":[{"href":"https:\/\/www.test.autopakai.lt\/en_us\/wp-json\/wp\/v2\/types\/product"}],"wp:attachment":[{"href":"https:\/\/www.test.autopakai.lt\/en_us\/wp-json\/wp\/v2\/media?parent=62045"}],"wp:term":[{"taxonomy":"product_brand","embeddable":true,"href":"https:\/\/www.test.autopakai.lt\/en_us\/wp-json\/wp\/v2\/product_brand?post=62045"},{"taxonomy":"product_cat","embeddable":true,"href":"https:\/\/www.test.autopakai.lt\/en_us\/wp-json\/wp\/v2\/product_cat?post=62045"},{"taxonomy":"product_tag","embeddable":true,"href":"https:\/\/www.test.autopakai.lt\/en_us\/wp-json\/wp\/v2\/product_tag?post=62045"}],"curies":[{"name":"wp","href":"https:\/\/api.w.org\/{rel}","templated":true}]}}