{"id":62291,"date":"2025-12-01T18:49:03","date_gmt":"2025-12-01T18:49:03","guid":{"rendered":"https:\/\/www.test.autopakai.lt\/lt\/produktas\/side-mirror-cover-set-gloss-black-for-bmw-x3x4x5x6x7-2017-2020\/"},"modified":"2025-12-11T14:40:47","modified_gmt":"2025-12-11T14:40:47","slug":"side-mirror-cover-set-gloss-black-for-bmw-x3x4x5x6x7-2017-2020","status":"publish","type":"product","link":"https:\/\/www.test.autopakai.lt\/en_us\/product\/side-mirror-cover-set-gloss-black-for-bmw-x3x4x5x6x7-2017-2020\/","title":{"rendered":"\u0160onini\u0173 veidrod\u0117li\u0173 dangteli\u0173 komplektas, blizgios juodos spalvos, skirtas BMW X3, X4, X5, X6, X7, 2017-2020"},"content":{"rendered":"","protected":false},"excerpt":{"rendered":"","protected":false},"featured_media":70579,"template":"","meta":{"_joinchat":[]},"product_brand":[297],"product_cat":[],"product_tag":[],"class_list":{"0":"post-62291","1":"product","2":"type-product","3":"status-publish","4":"has-post-thumbnail","6":"product_brand-bmw","7":"pa_manufacturer-bmw","8":"pa_model-bmw-x5-f15-f85","9":"pa_year_from-311","10":"pa_year_to-421","13":"first","14":"onbackorder","15":"taxable","16":"shipping-taxable","17":"purchasable","18":"product-type-simple"},"_links":{"self":[{"href":"https:\/\/www.test.autopakai.lt\/en_us\/wp-json\/wp\/v2\/product\/62291","targetHints":{"allow":["GET"]}}],"collection":[{"href":"https:\/\/www.test.autopakai.lt\/en_us\/wp-json\/wp\/v2\/product"}],"about":[{"href":"https:\/\/www.test.autopakai.lt\/en_us\/wp-json\/wp\/v2\/types\/product"}],"wp:featuredmedia":[{"embeddable":true,"href":"https:\/\/www.test.autopakai.lt\/en_us\/wp-json\/wp\/v2\/media\/70579"}],"wp:attachment":[{"href":"https:\/\/www.test.autopakai.lt\/en_us\/wp-json\/wp\/v2\/media?parent=62291"}],"wp:term":[{"taxonomy":"product_brand","embeddable":true,"href":"https:\/\/www.test.autopakai.lt\/en_us\/wp-json\/wp\/v2\/product_brand?post=62291"},{"taxonomy":"product_cat","embeddable":true,"href":"https:\/\/www.test.autopakai.lt\/en_us\/wp-json\/wp\/v2\/product_cat?post=62291"},{"taxonomy":"product_tag","embeddable":true,"href":"https:\/\/www.test.autopakai.lt\/en_us\/wp-json\/wp\/v2\/product_tag?post=62291"}],"curies":[{"name":"wp","href":"https:\/\/api.w.org\/{rel}","templated":true}]}}