{"id":62305,"date":"2025-12-01T18:49:08","date_gmt":"2025-12-01T18:49:08","guid":{"rendered":"https:\/\/www.test.autopakai.lt\/lt\/produktas\/mirror-covers-set-gloss-black-suitable-for-bmw-5-g30-g31-sedan-touring-16-20\/"},"modified":"2025-12-11T14:40:41","modified_gmt":"2025-12-11T14:40:41","slug":"mirror-covers-set-gloss-black-suitable-for-bmw-5-g30-g31-sedan-touring-16-20","status":"publish","type":"product","link":"https:\/\/www.test.autopakai.lt\/en_us\/product\/mirror-covers-set-gloss-black-suitable-for-bmw-5-g30-g31-sedan-touring-16-20\/","title":{"rendered":"Veidrod\u0117li\u0173 gaubt\u0173 komplektas, blizgios juodos spalvos, tinkantis BMW 5 G30, G31 Sedan Touring 16-20"},"content":{"rendered":"","protected":false},"excerpt":{"rendered":"","protected":false},"featured_media":70593,"template":"","meta":{"_joinchat":[]},"product_brand":[297],"product_cat":[],"product_tag":[],"class_list":{"0":"post-62305","1":"product","2":"type-product","3":"status-publish","4":"has-post-thumbnail","6":"product_brand-bmw","7":"pa_manufacturer-bmw","8":"pa_model-bmw-5-g30-f90","9":"pa_year_from-304","10":"pa_year_to-419","13":"first","14":"onbackorder","15":"taxable","16":"shipping-taxable","17":"purchasable","18":"product-type-simple"},"_links":{"self":[{"href":"https:\/\/www.test.autopakai.lt\/en_us\/wp-json\/wp\/v2\/product\/62305","targetHints":{"allow":["GET"]}}],"collection":[{"href":"https:\/\/www.test.autopakai.lt\/en_us\/wp-json\/wp\/v2\/product"}],"about":[{"href":"https:\/\/www.test.autopakai.lt\/en_us\/wp-json\/wp\/v2\/types\/product"}],"wp:featuredmedia":[{"embeddable":true,"href":"https:\/\/www.test.autopakai.lt\/en_us\/wp-json\/wp\/v2\/media\/70593"}],"wp:attachment":[{"href":"https:\/\/www.test.autopakai.lt\/en_us\/wp-json\/wp\/v2\/media?parent=62305"}],"wp:term":[{"taxonomy":"product_brand","embeddable":true,"href":"https:\/\/www.test.autopakai.lt\/en_us\/wp-json\/wp\/v2\/product_brand?post=62305"},{"taxonomy":"product_cat","embeddable":true,"href":"https:\/\/www.test.autopakai.lt\/en_us\/wp-json\/wp\/v2\/product_cat?post=62305"},{"taxonomy":"product_tag","embeddable":true,"href":"https:\/\/www.test.autopakai.lt\/en_us\/wp-json\/wp\/v2\/product_tag?post=62305"}],"curies":[{"name":"wp","href":"https:\/\/api.w.org\/{rel}","templated":true}]}}