{"id":62306,"date":"2025-12-01T18:49:08","date_gmt":"2025-12-01T18:49:08","guid":{"rendered":"https:\/\/www.test.autopakai.lt\/lt\/produktas\/rear-trunk-spoiler-gloss-black-for-mercedes-gle-coupe-c292-2015-2019\/"},"modified":"2025-12-11T14:40:46","modified_gmt":"2025-12-11T14:40:46","slug":"rear-trunk-spoiler-gloss-black-for-mercedes-gle-coupe-c292-2015-2019","status":"publish","type":"product","link":"https:\/\/www.test.autopakai.lt\/en_us\/product\/rear-trunk-spoiler-gloss-black-for-mercedes-gle-coupe-c292-2015-2019\/","title":{"rendered":"Galinis baga\u017ein\u0117s spoileris, blizgus juodas, MERCEDES GLE kup\u0117 (C292) 2015-2019"},"content":{"rendered":"","protected":false},"excerpt":{"rendered":"","protected":false},"featured_media":0,"template":"","meta":{"_joinchat":[]},"product_brand":[295],"product_cat":[],"product_tag":[],"class_list":{"0":"post-62306","1":"product","2":"type-product","3":"status-publish","5":"product_brand-mercedes-benz","6":"pa_manufacturer-mercedes-benz","7":"pa_model-mercedes-benz-gle-coupe-c292","8":"pa_year_from-439","9":"pa_year_to-312","11":"first","12":"onbackorder","13":"taxable","14":"shipping-taxable","15":"purchasable","16":"product-type-simple"},"_links":{"self":[{"href":"https:\/\/www.test.autopakai.lt\/en_us\/wp-json\/wp\/v2\/product\/62306","targetHints":{"allow":["GET"]}}],"collection":[{"href":"https:\/\/www.test.autopakai.lt\/en_us\/wp-json\/wp\/v2\/product"}],"about":[{"href":"https:\/\/www.test.autopakai.lt\/en_us\/wp-json\/wp\/v2\/types\/product"}],"wp:attachment":[{"href":"https:\/\/www.test.autopakai.lt\/en_us\/wp-json\/wp\/v2\/media?parent=62306"}],"wp:term":[{"taxonomy":"product_brand","embeddable":true,"href":"https:\/\/www.test.autopakai.lt\/en_us\/wp-json\/wp\/v2\/product_brand?post=62306"},{"taxonomy":"product_cat","embeddable":true,"href":"https:\/\/www.test.autopakai.lt\/en_us\/wp-json\/wp\/v2\/product_cat?post=62306"},{"taxonomy":"product_tag","embeddable":true,"href":"https:\/\/www.test.autopakai.lt\/en_us\/wp-json\/wp\/v2\/product_tag?post=62306"}],"curies":[{"name":"wp","href":"https:\/\/api.w.org\/{rel}","templated":true}]}}