{"id":62339,"date":"2025-12-01T18:49:20","date_gmt":"2025-12-01T18:49:20","guid":{"rendered":"https:\/\/www.test.autopakai.lt\/lt\/produktas\/mirror-cover-set-matt-silver-for-vw-beetlepassat-cc-passat-scirocco-iii-11-19\/"},"modified":"2025-12-11T14:40:36","modified_gmt":"2025-12-11T14:40:36","slug":"mirror-cover-set-matt-silver-for-vw-beetlepassat-cc-passat-scirocco-iii-11-19","status":"publish","type":"product","link":"https:\/\/www.test.autopakai.lt\/en_us\/product\/mirror-cover-set-matt-silver-for-vw-beetlepassat-cc-passat-scirocco-iii-11-19\/","title":{"rendered":"Veidrod\u0117li\u0173 dangteli\u0173 komplektas matin\u0117s sidabrin\u0117s spalvos VW BEETLE, PASSAT CC, PASSAT, SCIROCCO III 11-19 automobiliams"},"content":{"rendered":"","protected":false},"excerpt":{"rendered":"","protected":false},"featured_media":70606,"template":"","meta":{"_joinchat":[]},"product_brand":[299],"product_cat":[],"product_tag":[],"class_list":{"0":"post-62339","1":"product","2":"type-product","3":"status-publish","4":"has-post-thumbnail","6":"product_brand-vw","7":"pa_manufacturer-vw","8":"pa_model-vw-beetle-5c1-5c2","11":"first","12":"onbackorder","13":"taxable","14":"shipping-taxable","15":"purchasable","16":"product-type-simple"},"_links":{"self":[{"href":"https:\/\/www.test.autopakai.lt\/en_us\/wp-json\/wp\/v2\/product\/62339","targetHints":{"allow":["GET"]}}],"collection":[{"href":"https:\/\/www.test.autopakai.lt\/en_us\/wp-json\/wp\/v2\/product"}],"about":[{"href":"https:\/\/www.test.autopakai.lt\/en_us\/wp-json\/wp\/v2\/types\/product"}],"wp:featuredmedia":[{"embeddable":true,"href":"https:\/\/www.test.autopakai.lt\/en_us\/wp-json\/wp\/v2\/media\/70606"}],"wp:attachment":[{"href":"https:\/\/www.test.autopakai.lt\/en_us\/wp-json\/wp\/v2\/media?parent=62339"}],"wp:term":[{"taxonomy":"product_brand","embeddable":true,"href":"https:\/\/www.test.autopakai.lt\/en_us\/wp-json\/wp\/v2\/product_brand?post=62339"},{"taxonomy":"product_cat","embeddable":true,"href":"https:\/\/www.test.autopakai.lt\/en_us\/wp-json\/wp\/v2\/product_cat?post=62339"},{"taxonomy":"product_tag","embeddable":true,"href":"https:\/\/www.test.autopakai.lt\/en_us\/wp-json\/wp\/v2\/product_tag?post=62339"}],"curies":[{"name":"wp","href":"https:\/\/api.w.org\/{rel}","templated":true}]}}