{"id":62408,"date":"2025-12-01T18:49:41","date_gmt":"2025-12-01T18:49:41","guid":{"rendered":"https:\/\/www.test.autopakai.lt\/lt\/produktas\/fog-lights-set-smoke-suitable-for-mercedes-e-class-w210-clk-w208-slk-r170-95-02\/"},"modified":"2025-12-11T14:40:54","modified_gmt":"2025-12-11T14:40:54","slug":"fog-lights-set-smoke-suitable-for-mercedes-e-class-w210-clk-w208-slk-r170-95-02","status":"publish","type":"product","link":"https:\/\/www.test.autopakai.lt\/en_us\/product\/fog-lights-set-smoke-suitable-for-mercedes-e-class-w210-clk-w208-slk-r170-95-02\/","title":{"rendered":"D\u016bminiai r\u016bko \u017eibint\u0173 komplektas, tinkantis MERCEDES E-klas\u0117s W210 CLK W208 SLK R170 95-02 modeliams"},"content":{"rendered":"","protected":false},"excerpt":{"rendered":"","protected":false},"featured_media":0,"template":"","meta":{"_joinchat":[]},"product_brand":[295],"product_cat":[],"product_tag":[],"class_list":{"0":"post-62408","1":"product","2":"type-product","3":"status-publish","5":"product_brand-mercedes-benz","6":"pa_manufacturer-mercedes-benz","7":"pa_model-mercedes-benz-e-class-t-model-s210","8":"pa_year_from-546","9":"pa_year_to-702","11":"first","12":"onbackorder","13":"taxable","14":"shipping-taxable","15":"purchasable","16":"product-type-simple"},"_links":{"self":[{"href":"https:\/\/www.test.autopakai.lt\/en_us\/wp-json\/wp\/v2\/product\/62408","targetHints":{"allow":["GET"]}}],"collection":[{"href":"https:\/\/www.test.autopakai.lt\/en_us\/wp-json\/wp\/v2\/product"}],"about":[{"href":"https:\/\/www.test.autopakai.lt\/en_us\/wp-json\/wp\/v2\/types\/product"}],"wp:attachment":[{"href":"https:\/\/www.test.autopakai.lt\/en_us\/wp-json\/wp\/v2\/media?parent=62408"}],"wp:term":[{"taxonomy":"product_brand","embeddable":true,"href":"https:\/\/www.test.autopakai.lt\/en_us\/wp-json\/wp\/v2\/product_brand?post=62408"},{"taxonomy":"product_cat","embeddable":true,"href":"https:\/\/www.test.autopakai.lt\/en_us\/wp-json\/wp\/v2\/product_cat?post=62408"},{"taxonomy":"product_tag","embeddable":true,"href":"https:\/\/www.test.autopakai.lt\/en_us\/wp-json\/wp\/v2\/product_tag?post=62408"}],"curies":[{"name":"wp","href":"https:\/\/api.w.org\/{rel}","templated":true}]}}