{"id":62478,"date":"2025-12-01T18:50:02","date_gmt":"2025-12-01T18:50:02","guid":{"rendered":"https:\/\/www.test.autopakai.lt\/lt\/produktas\/front-grille-gloss-black-suitable-for-mercedes-cla-c117-16-19-panamericana-gt\/"},"modified":"2025-12-11T14:41:05","modified_gmt":"2025-12-11T14:41:05","slug":"front-grille-gloss-black-suitable-for-mercedes-cla-c117-16-19-panamericana-gt","status":"publish","type":"product","link":"https:\/\/www.test.autopakai.lt\/en_us\/product\/front-grille-gloss-black-suitable-for-mercedes-cla-c117-16-19-panamericana-gt\/","title":{"rendered":"Priekin\u0117s grotel\u0117s, blizgios juodos, tinkan\u010dios MERCEDES CLA C117 16-19 Panamericana GT"},"content":{"rendered":"","protected":false},"excerpt":{"rendered":"","protected":false},"featured_media":69909,"template":"","meta":{"_joinchat":[]},"product_brand":[391,295],"product_cat":[],"product_tag":[],"class_list":{"0":"post-62478","1":"product","2":"type-product","3":"status-publish","4":"has-post-thumbnail","6":"product_brand-mahindra","7":"product_brand-mercedes-benz","8":"pa_manufacturer-mercedes-benz","9":"pa_manufacturer-mahindra","10":"pa_model-mercedes-benz-cla-coupe-c117","11":"pa_year_from-304","12":"pa_year_to-322","15":"first","16":"onbackorder","17":"taxable","18":"shipping-taxable","19":"purchasable","20":"product-type-simple"},"_links":{"self":[{"href":"https:\/\/www.test.autopakai.lt\/en_us\/wp-json\/wp\/v2\/product\/62478","targetHints":{"allow":["GET"]}}],"collection":[{"href":"https:\/\/www.test.autopakai.lt\/en_us\/wp-json\/wp\/v2\/product"}],"about":[{"href":"https:\/\/www.test.autopakai.lt\/en_us\/wp-json\/wp\/v2\/types\/product"}],"wp:featuredmedia":[{"embeddable":true,"href":"https:\/\/www.test.autopakai.lt\/en_us\/wp-json\/wp\/v2\/media\/69909"}],"wp:attachment":[{"href":"https:\/\/www.test.autopakai.lt\/en_us\/wp-json\/wp\/v2\/media?parent=62478"}],"wp:term":[{"taxonomy":"product_brand","embeddable":true,"href":"https:\/\/www.test.autopakai.lt\/en_us\/wp-json\/wp\/v2\/product_brand?post=62478"},{"taxonomy":"product_cat","embeddable":true,"href":"https:\/\/www.test.autopakai.lt\/en_us\/wp-json\/wp\/v2\/product_cat?post=62478"},{"taxonomy":"product_tag","embeddable":true,"href":"https:\/\/www.test.autopakai.lt\/en_us\/wp-json\/wp\/v2\/product_tag?post=62478"}],"curies":[{"name":"wp","href":"https:\/\/api.w.org\/{rel}","templated":true}]}}