{"id":62527,"date":"2025-12-01T18:50:20","date_gmt":"2025-12-01T18:50:20","guid":{"rendered":"https:\/\/www.test.autopakai.lt\/lt\/produktas\/rear-trunk-spoiler-matt-black-suitable-for-bmw-5-f10-sedan-2009-2016\/"},"modified":"2025-12-11T14:41:07","modified_gmt":"2025-12-11T14:41:07","slug":"rear-trunk-spoiler-matt-black-suitable-for-bmw-5-f10-sedan-2009-2016","status":"publish","type":"product","link":"https:\/\/www.test.autopakai.lt\/en_us\/product\/rear-trunk-spoiler-matt-black-suitable-for-bmw-5-f10-sedan-2009-2016\/","title":{"rendered":"Galinis baga\u017ein\u0117s spoileris matin\u0117s juodos spalvos, tinkantis BMW 5 (F10) sedanui 2009-2016 m."},"content":{"rendered":"","protected":false},"excerpt":{"rendered":"","protected":false},"featured_media":0,"template":"","meta":{"_joinchat":[]},"product_brand":[297],"product_cat":[],"product_tag":[],"class_list":{"0":"post-62527","1":"product","2":"type-product","3":"status-publish","5":"product_brand-bmw","6":"pa_manufacturer-bmw","7":"pa_model-bmw-5-f10","8":"pa_year_from-462","9":"pa_year_to-309","11":"first","12":"onbackorder","13":"taxable","14":"shipping-taxable","15":"purchasable","16":"product-type-simple"},"_links":{"self":[{"href":"https:\/\/www.test.autopakai.lt\/en_us\/wp-json\/wp\/v2\/product\/62527","targetHints":{"allow":["GET"]}}],"collection":[{"href":"https:\/\/www.test.autopakai.lt\/en_us\/wp-json\/wp\/v2\/product"}],"about":[{"href":"https:\/\/www.test.autopakai.lt\/en_us\/wp-json\/wp\/v2\/types\/product"}],"wp:attachment":[{"href":"https:\/\/www.test.autopakai.lt\/en_us\/wp-json\/wp\/v2\/media?parent=62527"}],"wp:term":[{"taxonomy":"product_brand","embeddable":true,"href":"https:\/\/www.test.autopakai.lt\/en_us\/wp-json\/wp\/v2\/product_brand?post=62527"},{"taxonomy":"product_cat","embeddable":true,"href":"https:\/\/www.test.autopakai.lt\/en_us\/wp-json\/wp\/v2\/product_cat?post=62527"},{"taxonomy":"product_tag","embeddable":true,"href":"https:\/\/www.test.autopakai.lt\/en_us\/wp-json\/wp\/v2\/product_tag?post=62527"}],"curies":[{"name":"wp","href":"https:\/\/api.w.org\/{rel}","templated":true}]}}