{"id":62539,"date":"2025-12-01T18:50:23","date_gmt":"2025-12-01T18:50:23","guid":{"rendered":"https:\/\/www.test.autopakai.lt\/lt\/produktas\/front-grille-gloss-black-suitable-for-bmw-x2-f39-17-on-dual-line\/"},"modified":"2025-12-11T14:41:10","modified_gmt":"2025-12-11T14:41:10","slug":"front-grille-gloss-black-suitable-for-bmw-x2-f39-17-on-dual-line","status":"publish","type":"product","link":"https:\/\/www.test.autopakai.lt\/en_us\/product\/front-grille-gloss-black-suitable-for-bmw-x2-f39-17-on-dual-line\/","title":{"rendered":"Priekin\u0117s grotel\u0117s, blizgios juodos, tinkan\u010dios BMW X2 F39 17-On Dual Line"},"content":{"rendered":"","protected":false},"excerpt":{"rendered":"","protected":false},"featured_media":69286,"template":"","meta":{"_joinchat":[]},"product_brand":[297],"product_cat":[],"product_tag":[],"class_list":{"0":"post-62539","1":"product","2":"type-product","3":"status-publish","4":"has-post-thumbnail","6":"product_brand-bmw","7":"pa_manufacturer-bmw","8":"pa_model-bmw-x2-f39","9":"pa_year_from-311","12":"first","13":"onbackorder","14":"taxable","15":"shipping-taxable","16":"purchasable","17":"product-type-simple"},"_links":{"self":[{"href":"https:\/\/www.test.autopakai.lt\/en_us\/wp-json\/wp\/v2\/product\/62539","targetHints":{"allow":["GET"]}}],"collection":[{"href":"https:\/\/www.test.autopakai.lt\/en_us\/wp-json\/wp\/v2\/product"}],"about":[{"href":"https:\/\/www.test.autopakai.lt\/en_us\/wp-json\/wp\/v2\/types\/product"}],"wp:featuredmedia":[{"embeddable":true,"href":"https:\/\/www.test.autopakai.lt\/en_us\/wp-json\/wp\/v2\/media\/69286"}],"wp:attachment":[{"href":"https:\/\/www.test.autopakai.lt\/en_us\/wp-json\/wp\/v2\/media?parent=62539"}],"wp:term":[{"taxonomy":"product_brand","embeddable":true,"href":"https:\/\/www.test.autopakai.lt\/en_us\/wp-json\/wp\/v2\/product_brand?post=62539"},{"taxonomy":"product_cat","embeddable":true,"href":"https:\/\/www.test.autopakai.lt\/en_us\/wp-json\/wp\/v2\/product_cat?post=62539"},{"taxonomy":"product_tag","embeddable":true,"href":"https:\/\/www.test.autopakai.lt\/en_us\/wp-json\/wp\/v2\/product_tag?post=62539"}],"curies":[{"name":"wp","href":"https:\/\/api.w.org\/{rel}","templated":true}]}}