{"id":62568,"date":"2025-12-01T18:50:33","date_gmt":"2025-12-01T18:50:33","guid":{"rendered":"https:\/\/www.test.autopakai.lt\/lt\/produktas\/grille-single-line-matt-black-for-bmw-2-f45-pre-facelift-2014-2018\/"},"modified":"2025-12-11T14:41:08","modified_gmt":"2025-12-11T14:41:08","slug":"grille-single-line-matt-black-for-bmw-2-f45-pre-facelift-2014-2018","status":"publish","type":"product","link":"https:\/\/www.test.autopakai.lt\/en_us\/product\/grille-single-line-matt-black-for-bmw-2-f45-pre-facelift-2014-2018\/","title":{"rendered":"Grotel\u0117s vienos linijos matin\u0117s juodos BMW 2 (F45) prie\u0161 feislift\u0105 2014\u20132018"},"content":{"rendered":"","protected":false},"excerpt":{"rendered":"","protected":false},"featured_media":68601,"template":"","meta":{"_joinchat":[]},"product_brand":[297],"product_cat":[],"product_tag":[],"class_list":{"0":"post-62568","1":"product","2":"type-product","3":"status-publish","4":"has-post-thumbnail","6":"product_brand-bmw","7":"pa_manufacturer-bmw","8":"pa_model-bmw-2-active-tourer-f45","9":"pa_year_from-418","10":"pa_year_to-322","13":"first","14":"onbackorder","15":"taxable","16":"shipping-taxable","17":"purchasable","18":"product-type-simple"},"_links":{"self":[{"href":"https:\/\/www.test.autopakai.lt\/en_us\/wp-json\/wp\/v2\/product\/62568","targetHints":{"allow":["GET"]}}],"collection":[{"href":"https:\/\/www.test.autopakai.lt\/en_us\/wp-json\/wp\/v2\/product"}],"about":[{"href":"https:\/\/www.test.autopakai.lt\/en_us\/wp-json\/wp\/v2\/types\/product"}],"wp:featuredmedia":[{"embeddable":true,"href":"https:\/\/www.test.autopakai.lt\/en_us\/wp-json\/wp\/v2\/media\/68601"}],"wp:attachment":[{"href":"https:\/\/www.test.autopakai.lt\/en_us\/wp-json\/wp\/v2\/media?parent=62568"}],"wp:term":[{"taxonomy":"product_brand","embeddable":true,"href":"https:\/\/www.test.autopakai.lt\/en_us\/wp-json\/wp\/v2\/product_brand?post=62568"},{"taxonomy":"product_cat","embeddable":true,"href":"https:\/\/www.test.autopakai.lt\/en_us\/wp-json\/wp\/v2\/product_cat?post=62568"},{"taxonomy":"product_tag","embeddable":true,"href":"https:\/\/www.test.autopakai.lt\/en_us\/wp-json\/wp\/v2\/product_tag?post=62568"}],"curies":[{"name":"wp","href":"https:\/\/api.w.org\/{rel}","templated":true}]}}