{"id":62648,"date":"2025-12-01T18:51:06","date_gmt":"2025-12-01T18:51:06","guid":{"rendered":"https:\/\/www.test.autopakai.lt\/lt\/produktas\/fog-light-set-smoke-for-audi-a6-a4-q5-seat-exeo-vw-passat-cc-b6-357-04-11\/"},"modified":"2025-12-11T14:41:33","modified_gmt":"2025-12-11T14:41:33","slug":"fog-light-set-smoke-for-audi-a6-a4-q5-seat-exeo-vw-passat-cc-b6-357-04-11","status":"publish","type":"product","link":"https:\/\/www.test.autopakai.lt\/en_us\/product\/fog-light-set-smoke-for-audi-a6-a4-q5-seat-exeo-vw-passat-cc-b6-357-04-11\/","title":{"rendered":"R\u016bko \u017eibint\u0173 komplektas, d\u016bminis, skirtas AUDI A6, A4, Q5, SEAT, EXEO, VW, PASSAT CC B6 357 04-11"},"content":{"rendered":"","protected":false},"excerpt":{"rendered":"","protected":false},"featured_media":66995,"template":"","meta":{"_joinchat":[]},"product_brand":[296,300,299],"product_cat":[],"product_tag":[],"class_list":{"0":"post-62648","1":"product","2":"type-product","3":"status-publish","4":"has-post-thumbnail","6":"product_brand-audi","7":"product_brand-seat","8":"product_brand-vw","9":"pa_manufacturer-audi","10":"pa_manufacturer-vw","11":"pa_manufacturer-seat","12":"pa_model-audi-a6-c5-4b2","13":"pa_year_from-514","14":"pa_year_to-328","17":"first","18":"onbackorder","19":"taxable","20":"shipping-taxable","21":"purchasable","22":"product-type-simple"},"_links":{"self":[{"href":"https:\/\/www.test.autopakai.lt\/en_us\/wp-json\/wp\/v2\/product\/62648","targetHints":{"allow":["GET"]}}],"collection":[{"href":"https:\/\/www.test.autopakai.lt\/en_us\/wp-json\/wp\/v2\/product"}],"about":[{"href":"https:\/\/www.test.autopakai.lt\/en_us\/wp-json\/wp\/v2\/types\/product"}],"wp:featuredmedia":[{"embeddable":true,"href":"https:\/\/www.test.autopakai.lt\/en_us\/wp-json\/wp\/v2\/media\/66995"}],"wp:attachment":[{"href":"https:\/\/www.test.autopakai.lt\/en_us\/wp-json\/wp\/v2\/media?parent=62648"}],"wp:term":[{"taxonomy":"product_brand","embeddable":true,"href":"https:\/\/www.test.autopakai.lt\/en_us\/wp-json\/wp\/v2\/product_brand?post=62648"},{"taxonomy":"product_cat","embeddable":true,"href":"https:\/\/www.test.autopakai.lt\/en_us\/wp-json\/wp\/v2\/product_cat?post=62648"},{"taxonomy":"product_tag","embeddable":true,"href":"https:\/\/www.test.autopakai.lt\/en_us\/wp-json\/wp\/v2\/product_tag?post=62648"}],"curies":[{"name":"wp","href":"https:\/\/api.w.org\/{rel}","templated":true}]}}