{"id":62674,"date":"2025-12-01T18:51:17","date_gmt":"2025-12-01T18:51:17","guid":{"rendered":"https:\/\/www.test.autopakai.lt\/lt\/produktas\/trunk-spoiler-gloss-black-suitable-for-audi-a4-b8-8k-sedan-pre-facelift-09-12\/"},"modified":"2025-12-11T14:41:07","modified_gmt":"2025-12-11T14:41:07","slug":"trunk-spoiler-gloss-black-suitable-for-audi-a4-b8-8k-sedan-pre-facelift-09-12","status":"publish","type":"product","link":"https:\/\/www.test.autopakai.lt\/en_us\/product\/trunk-spoiler-gloss-black-suitable-for-audi-a4-b8-8k-sedan-pre-facelift-09-12\/","title":{"rendered":"Baga\u017ein\u0117s spoileris blizgiai juodas, tinkantis AUDI A4 B8 8K sedanui prie\u0161 \u201eFacelift\u201c 09-12"},"content":{"rendered":"","protected":false},"excerpt":{"rendered":"","protected":false},"featured_media":0,"template":"","meta":{"_joinchat":[]},"product_brand":[296],"product_cat":[],"product_tag":[],"class_list":{"0":"post-62674","1":"product","2":"type-product","3":"status-publish","5":"product_brand-audi","6":"pa_manufacturer-audi","7":"pa_model-audi-a4-b8-8k2","8":"pa_year_from-462","9":"pa_year_to-437","11":"first","12":"onbackorder","13":"taxable","14":"shipping-taxable","15":"purchasable","16":"product-type-simple"},"_links":{"self":[{"href":"https:\/\/www.test.autopakai.lt\/en_us\/wp-json\/wp\/v2\/product\/62674","targetHints":{"allow":["GET"]}}],"collection":[{"href":"https:\/\/www.test.autopakai.lt\/en_us\/wp-json\/wp\/v2\/product"}],"about":[{"href":"https:\/\/www.test.autopakai.lt\/en_us\/wp-json\/wp\/v2\/types\/product"}],"wp:attachment":[{"href":"https:\/\/www.test.autopakai.lt\/en_us\/wp-json\/wp\/v2\/media?parent=62674"}],"wp:term":[{"taxonomy":"product_brand","embeddable":true,"href":"https:\/\/www.test.autopakai.lt\/en_us\/wp-json\/wp\/v2\/product_brand?post=62674"},{"taxonomy":"product_cat","embeddable":true,"href":"https:\/\/www.test.autopakai.lt\/en_us\/wp-json\/wp\/v2\/product_cat?post=62674"},{"taxonomy":"product_tag","embeddable":true,"href":"https:\/\/www.test.autopakai.lt\/en_us\/wp-json\/wp\/v2\/product_tag?post=62674"}],"curies":[{"name":"wp","href":"https:\/\/api.w.org\/{rel}","templated":true}]}}