{"id":62675,"date":"2025-12-01T18:51:17","date_gmt":"2025-12-01T18:51:17","guid":{"rendered":"https:\/\/www.test.autopakai.lt\/lt\/produktas\/fog-lights-projector-type-clear-fit-for-vw-passat-b5-5-3bg-sedan-variant-00-05\/"},"modified":"2025-12-11T14:41:27","modified_gmt":"2025-12-11T14:41:27","slug":"fog-lights-projector-type-clear-fit-for-vw-passat-b5-5-3bg-sedan-variant-00-05","status":"publish","type":"product","link":"https:\/\/www.test.autopakai.lt\/en_us\/product\/fog-lights-projector-type-clear-fit-for-vw-passat-b5-5-3bg-sedan-variant-00-05\/","title":{"rendered":"Skaidr\u016bs projektoriaus tipo r\u016bko \u017eibintai, tinkantys VW PASSAT B5.5 3BG sedanui (00-05)"},"content":{"rendered":"","protected":false},"excerpt":{"rendered":"","protected":false},"featured_media":0,"template":"","meta":{"_joinchat":[]},"product_brand":[299],"product_cat":[],"product_tag":[],"class_list":{"0":"post-62675","1":"product","2":"type-product","3":"status-publish","5":"product_brand-vw","6":"pa_manufacturer-vw","7":"pa_model-vw-passat-b5-5-3b3","8":"pa_year_from-316","9":"pa_year_to-325","11":"first","12":"onbackorder","13":"taxable","14":"shipping-taxable","15":"purchasable","16":"product-type-simple"},"_links":{"self":[{"href":"https:\/\/www.test.autopakai.lt\/en_us\/wp-json\/wp\/v2\/product\/62675","targetHints":{"allow":["GET"]}}],"collection":[{"href":"https:\/\/www.test.autopakai.lt\/en_us\/wp-json\/wp\/v2\/product"}],"about":[{"href":"https:\/\/www.test.autopakai.lt\/en_us\/wp-json\/wp\/v2\/types\/product"}],"wp:attachment":[{"href":"https:\/\/www.test.autopakai.lt\/en_us\/wp-json\/wp\/v2\/media?parent=62675"}],"wp:term":[{"taxonomy":"product_brand","embeddable":true,"href":"https:\/\/www.test.autopakai.lt\/en_us\/wp-json\/wp\/v2\/product_brand?post=62675"},{"taxonomy":"product_cat","embeddable":true,"href":"https:\/\/www.test.autopakai.lt\/en_us\/wp-json\/wp\/v2\/product_cat?post=62675"},{"taxonomy":"product_tag","embeddable":true,"href":"https:\/\/www.test.autopakai.lt\/en_us\/wp-json\/wp\/v2\/product_tag?post=62675"}],"curies":[{"name":"wp","href":"https:\/\/api.w.org\/{rel}","templated":true}]}}