{"id":62798,"date":"2025-12-01T18:52:08","date_gmt":"2025-12-01T18:52:08","guid":{"rendered":"https:\/\/www.test.autopakai.lt\/lt\/produktas\/front-grille-gloss-black-suitable-for-bmw-1-f20-f21-hatchback-15-19-single-line\/"},"modified":"2025-12-11T14:41:54","modified_gmt":"2025-12-11T14:41:54","slug":"front-grille-gloss-black-suitable-for-bmw-1-f20-f21-hatchback-15-19-single-line","status":"publish","type":"product","link":"https:\/\/www.test.autopakai.lt\/en_us\/product\/front-grille-gloss-black-suitable-for-bmw-1-f20-f21-hatchback-15-19-single-line\/","title":{"rendered":"Priekin\u0117s grotel\u0117s, blizgios juodos, tinka BMW 1 F20, F21 he\u010dbekui 15-19 vienos linijos"},"content":{"rendered":"","protected":false},"excerpt":{"rendered":"","protected":false},"featured_media":68698,"template":"","meta":{"_joinchat":[]},"product_brand":[297],"product_cat":[],"product_tag":[],"class_list":{"0":"post-62798","1":"product","2":"type-product","3":"status-publish","4":"has-post-thumbnail","6":"product_brand-bmw","7":"pa_manufacturer-bmw","8":"pa_model-bmw-1-f20","9":"pa_year_from-439","10":"pa_year_to-312","13":"first","14":"onbackorder","15":"taxable","16":"shipping-taxable","17":"purchasable","18":"product-type-simple"},"_links":{"self":[{"href":"https:\/\/www.test.autopakai.lt\/en_us\/wp-json\/wp\/v2\/product\/62798","targetHints":{"allow":["GET"]}}],"collection":[{"href":"https:\/\/www.test.autopakai.lt\/en_us\/wp-json\/wp\/v2\/product"}],"about":[{"href":"https:\/\/www.test.autopakai.lt\/en_us\/wp-json\/wp\/v2\/types\/product"}],"wp:featuredmedia":[{"embeddable":true,"href":"https:\/\/www.test.autopakai.lt\/en_us\/wp-json\/wp\/v2\/media\/68698"}],"wp:attachment":[{"href":"https:\/\/www.test.autopakai.lt\/en_us\/wp-json\/wp\/v2\/media?parent=62798"}],"wp:term":[{"taxonomy":"product_brand","embeddable":true,"href":"https:\/\/www.test.autopakai.lt\/en_us\/wp-json\/wp\/v2\/product_brand?post=62798"},{"taxonomy":"product_cat","embeddable":true,"href":"https:\/\/www.test.autopakai.lt\/en_us\/wp-json\/wp\/v2\/product_cat?post=62798"},{"taxonomy":"product_tag","embeddable":true,"href":"https:\/\/www.test.autopakai.lt\/en_us\/wp-json\/wp\/v2\/product_tag?post=62798"}],"curies":[{"name":"wp","href":"https:\/\/api.w.org\/{rel}","templated":true}]}}