{"id":62835,"date":"2025-12-01T18:52:18","date_gmt":"2025-12-01T18:52:18","guid":{"rendered":"https:\/\/www.test.autopakai.lt\/lt\/produktas\/3rd-led-brake-light-for-mercedes-sl-r230-2001-2012-clear-oem-dot-design\/"},"modified":"2025-12-11T14:41:47","modified_gmt":"2025-12-11T14:41:47","slug":"3rd-led-brake-light-for-mercedes-sl-r230-2001-2012-clear-oem-dot-design","status":"publish","type":"product","link":"https:\/\/www.test.autopakai.lt\/en_us\/product\/3rd-led-brake-light-for-mercedes-sl-r230-2001-2012-clear-oem-dot-design\/","title":{"rendered":"Tre\u010dias LED stabd\u017ei\u0173 \u017eibintas Mercedes SL R230 2001-2012 skaidrus; OEM Dot dizainas"},"content":{"rendered":"","protected":false},"excerpt":{"rendered":"","protected":false},"featured_media":0,"template":"","meta":{"_joinchat":[]},"product_brand":[295],"product_cat":[],"product_tag":[],"class_list":{"0":"post-62835","1":"product","2":"type-product","3":"status-publish","5":"product_brand-mercedes-benz","6":"pa_manufacturer-mercedes-benz","7":"pa_model-mercedes-benz-sl-r230","8":"pa_year_from-654","9":"pa_year_to-437","11":"first","12":"onbackorder","13":"taxable","14":"shipping-taxable","15":"purchasable","16":"product-type-simple"},"_links":{"self":[{"href":"https:\/\/www.test.autopakai.lt\/en_us\/wp-json\/wp\/v2\/product\/62835","targetHints":{"allow":["GET"]}}],"collection":[{"href":"https:\/\/www.test.autopakai.lt\/en_us\/wp-json\/wp\/v2\/product"}],"about":[{"href":"https:\/\/www.test.autopakai.lt\/en_us\/wp-json\/wp\/v2\/types\/product"}],"wp:attachment":[{"href":"https:\/\/www.test.autopakai.lt\/en_us\/wp-json\/wp\/v2\/media?parent=62835"}],"wp:term":[{"taxonomy":"product_brand","embeddable":true,"href":"https:\/\/www.test.autopakai.lt\/en_us\/wp-json\/wp\/v2\/product_brand?post=62835"},{"taxonomy":"product_cat","embeddable":true,"href":"https:\/\/www.test.autopakai.lt\/en_us\/wp-json\/wp\/v2\/product_cat?post=62835"},{"taxonomy":"product_tag","embeddable":true,"href":"https:\/\/www.test.autopakai.lt\/en_us\/wp-json\/wp\/v2\/product_tag?post=62835"}],"curies":[{"name":"wp","href":"https:\/\/api.w.org\/{rel}","templated":true}]}}