{"id":62883,"date":"2025-12-01T18:52:36","date_gmt":"2025-12-01T18:52:36","guid":{"rendered":"https:\/\/www.test.autopakai.lt\/lt\/produktas\/front-grille-single-line-matt-black-suitable-for-bmw-5-e39-sedan-touring-95-03\/"},"modified":"2025-12-11T14:41:58","modified_gmt":"2025-12-11T14:41:58","slug":"front-grille-single-line-matt-black-suitable-for-bmw-5-e39-sedan-touring-95-03","status":"publish","type":"product","link":"https:\/\/www.test.autopakai.lt\/en_us\/product\/front-grille-single-line-matt-black-suitable-for-bmw-5-e39-sedan-touring-95-03\/","title":{"rendered":"Priekin\u0117s grotel\u0117s, vienos linijos, matin\u0117s juodos, tinkan\u010dios BMW 5 E39 Sedan Touring 95-03"},"content":{"rendered":"","protected":false},"excerpt":{"rendered":"","protected":false},"featured_media":68789,"template":"","meta":{"_joinchat":[]},"product_brand":[297],"product_cat":[],"product_tag":[],"class_list":{"0":"post-62883","1":"product","2":"type-product","3":"status-publish","4":"has-post-thumbnail","6":"product_brand-bmw","7":"pa_manufacturer-bmw","8":"pa_model-bmw-5-e39","9":"pa_year_from-546","10":"pa_year_to-547","13":"first","14":"onbackorder","15":"taxable","16":"shipping-taxable","17":"purchasable","18":"product-type-simple"},"_links":{"self":[{"href":"https:\/\/www.test.autopakai.lt\/en_us\/wp-json\/wp\/v2\/product\/62883","targetHints":{"allow":["GET"]}}],"collection":[{"href":"https:\/\/www.test.autopakai.lt\/en_us\/wp-json\/wp\/v2\/product"}],"about":[{"href":"https:\/\/www.test.autopakai.lt\/en_us\/wp-json\/wp\/v2\/types\/product"}],"wp:featuredmedia":[{"embeddable":true,"href":"https:\/\/www.test.autopakai.lt\/en_us\/wp-json\/wp\/v2\/media\/68789"}],"wp:attachment":[{"href":"https:\/\/www.test.autopakai.lt\/en_us\/wp-json\/wp\/v2\/media?parent=62883"}],"wp:term":[{"taxonomy":"product_brand","embeddable":true,"href":"https:\/\/www.test.autopakai.lt\/en_us\/wp-json\/wp\/v2\/product_brand?post=62883"},{"taxonomy":"product_cat","embeddable":true,"href":"https:\/\/www.test.autopakai.lt\/en_us\/wp-json\/wp\/v2\/product_cat?post=62883"},{"taxonomy":"product_tag","embeddable":true,"href":"https:\/\/www.test.autopakai.lt\/en_us\/wp-json\/wp\/v2\/product_tag?post=62883"}],"curies":[{"name":"wp","href":"https:\/\/api.w.org\/{rel}","templated":true}]}}