{"id":62914,"date":"2025-12-01T18:52:54","date_gmt":"2025-12-01T18:52:54","guid":{"rendered":"https:\/\/www.test.autopakai.lt\/lt\/produktas\/front-grille-badgeless-black-suitable-for-seat-leon-1p-altea-5p-05-09\/"},"modified":"2025-12-11T14:41:37","modified_gmt":"2025-12-11T14:41:37","slug":"front-grille-badgeless-black-suitable-for-seat-leon-1p-altea-5p-05-09","status":"publish","type":"product","link":"https:\/\/www.test.autopakai.lt\/en_us\/product\/front-grille-badgeless-black-suitable-for-seat-leon-1p-altea-5p-05-09\/","title":{"rendered":"Priekin\u0117s grotel\u0117s be \u017eenkleli\u0173 juodos, tinkan\u010dios SEAT LEON 1P ALTEA 5P 05-09"},"content":{"rendered":"","protected":false},"excerpt":{"rendered":"","protected":false},"featured_media":0,"template":"","meta":{"_joinchat":[]},"product_brand":[300],"product_cat":[],"product_tag":[],"class_list":{"0":"post-62914","1":"product","2":"type-product","3":"status-publish","5":"product_brand-seat","6":"pa_manufacturer-seat","7":"pa_model-seat-altea-5p1","8":"pa_year_from-327","9":"pa_year_to-414","11":"first","12":"onbackorder","13":"taxable","14":"shipping-taxable","15":"purchasable","16":"product-type-simple"},"_links":{"self":[{"href":"https:\/\/www.test.autopakai.lt\/en_us\/wp-json\/wp\/v2\/product\/62914","targetHints":{"allow":["GET"]}}],"collection":[{"href":"https:\/\/www.test.autopakai.lt\/en_us\/wp-json\/wp\/v2\/product"}],"about":[{"href":"https:\/\/www.test.autopakai.lt\/en_us\/wp-json\/wp\/v2\/types\/product"}],"wp:attachment":[{"href":"https:\/\/www.test.autopakai.lt\/en_us\/wp-json\/wp\/v2\/media?parent=62914"}],"wp:term":[{"taxonomy":"product_brand","embeddable":true,"href":"https:\/\/www.test.autopakai.lt\/en_us\/wp-json\/wp\/v2\/product_brand?post=62914"},{"taxonomy":"product_cat","embeddable":true,"href":"https:\/\/www.test.autopakai.lt\/en_us\/wp-json\/wp\/v2\/product_cat?post=62914"},{"taxonomy":"product_tag","embeddable":true,"href":"https:\/\/www.test.autopakai.lt\/en_us\/wp-json\/wp\/v2\/product_tag?post=62914"}],"curies":[{"name":"wp","href":"https:\/\/api.w.org\/{rel}","templated":true}]}}