{"id":59732,"date":"2025-12-01T18:36:25","date_gmt":"2025-12-01T18:36:25","guid":{"rendered":"https:\/\/www.test.autopakai.lt\/lt\/produktas\/bodykit-bumper-set-led-drl-for-mercedes-e-class-w212-pre-facelift-09-13\/"},"modified":"2025-12-11T14:35:57","modified_gmt":"2025-12-11T14:35:57","slug":"bodykit-bumper-set-led-drl-for-mercedes-e-class-w212-pre-facelift-09-13","status":"publish","type":"product","link":"https:\/\/www.test.autopakai.lt\/lt\/produktas\/bodykit-bumper-set-led-drl-for-mercedes-e-class-w212-pre-facelift-09-13\/","title":{"rendered":"LED DRL \u017eibint\u0173 komplektas MERCEDES E klasei (W212) 09-13, k\u0117bulo komplektas, skirtas bamperiams su LED DRL \u017eibintais"},"content":{"rendered":"","protected":false},"excerpt":{"rendered":"","protected":false},"featured_media":63451,"template":"","meta":{"_joinchat":[]},"product_brand":[295],"product_cat":[],"product_tag":[],"class_list":{"0":"post-59732","1":"product","2":"type-product","3":"status-publish","4":"has-post-thumbnail","6":"product_brand-mercedes-benz","7":"pa_manufacturer-mercedes-benz","8":"pa_model-mercedes-benz-e-class-w212","9":"pa_year_from-462","10":"pa_year_to-494","13":"first","14":"onbackorder","15":"taxable","16":"shipping-taxable","17":"purchasable","18":"product-type-simple"},"_links":{"self":[{"href":"https:\/\/www.test.autopakai.lt\/lt\/wp-json\/wp\/v2\/product\/59732","targetHints":{"allow":["GET"]}}],"collection":[{"href":"https:\/\/www.test.autopakai.lt\/lt\/wp-json\/wp\/v2\/product"}],"about":[{"href":"https:\/\/www.test.autopakai.lt\/lt\/wp-json\/wp\/v2\/types\/product"}],"wp:featuredmedia":[{"embeddable":true,"href":"https:\/\/www.test.autopakai.lt\/lt\/wp-json\/wp\/v2\/media\/63451"}],"wp:attachment":[{"href":"https:\/\/www.test.autopakai.lt\/lt\/wp-json\/wp\/v2\/media?parent=59732"}],"wp:term":[{"taxonomy":"product_brand","embeddable":true,"href":"https:\/\/www.test.autopakai.lt\/lt\/wp-json\/wp\/v2\/product_brand?post=59732"},{"taxonomy":"product_cat","embeddable":true,"href":"https:\/\/www.test.autopakai.lt\/lt\/wp-json\/wp\/v2\/product_cat?post=59732"},{"taxonomy":"product_tag","embeddable":true,"href":"https:\/\/www.test.autopakai.lt\/lt\/wp-json\/wp\/v2\/product_tag?post=59732"}],"curies":[{"name":"wp","href":"https:\/\/api.w.org\/{rel}","templated":true}]}}