{"id":60095,"date":"2025-12-01T18:37:56","date_gmt":"2025-12-01T18:37:56","guid":{"rendered":"https:\/\/www.test.autopakai.lt\/lt\/produktas\/front-bumper-with-grille-fog-lights-suitable-for-audi-a3-8p-pre-facelift-05-08\/"},"modified":"2025-12-11T14:36:42","modified_gmt":"2025-12-11T14:36:42","slug":"front-bumper-with-grille-fog-lights-suitable-for-audi-a3-8p-pre-facelift-05-08","status":"publish","type":"product","link":"https:\/\/www.test.autopakai.lt\/lt\/produktas\/front-bumper-with-grille-fog-lights-suitable-for-audi-a3-8p-pre-facelift-05-08\/","title":{"rendered":"Priekinis bamperis su grotel\u0117mis, r\u016bko \u017eibintai, tinka AUDI A3 8P Pre-Facelift 05-08"},"content":{"rendered":"","protected":false},"excerpt":{"rendered":"","protected":false},"featured_media":0,"template":"","meta":{"_joinchat":[]},"product_brand":[296],"product_cat":[],"product_tag":[],"class_list":{"0":"post-60095","1":"product","2":"type-product","3":"status-publish","5":"product_brand-audi","6":"pa_manufacturer-audi","7":"pa_model-audi-a3-sportback-8pa","8":"pa_year_from-327","9":"pa_year_to-549","11":"first","12":"onbackorder","13":"taxable","14":"shipping-taxable","15":"purchasable","16":"product-type-simple"},"_links":{"self":[{"href":"https:\/\/www.test.autopakai.lt\/lt\/wp-json\/wp\/v2\/product\/60095","targetHints":{"allow":["GET"]}}],"collection":[{"href":"https:\/\/www.test.autopakai.lt\/lt\/wp-json\/wp\/v2\/product"}],"about":[{"href":"https:\/\/www.test.autopakai.lt\/lt\/wp-json\/wp\/v2\/types\/product"}],"wp:attachment":[{"href":"https:\/\/www.test.autopakai.lt\/lt\/wp-json\/wp\/v2\/media?parent=60095"}],"wp:term":[{"taxonomy":"product_brand","embeddable":true,"href":"https:\/\/www.test.autopakai.lt\/lt\/wp-json\/wp\/v2\/product_brand?post=60095"},{"taxonomy":"product_cat","embeddable":true,"href":"https:\/\/www.test.autopakai.lt\/lt\/wp-json\/wp\/v2\/product_cat?post=60095"},{"taxonomy":"product_tag","embeddable":true,"href":"https:\/\/www.test.autopakai.lt\/lt\/wp-json\/wp\/v2\/product_tag?post=60095"}],"curies":[{"name":"wp","href":"https:\/\/api.w.org\/{rel}","templated":true}]}}